{"id":1302,"date":"2023-06-28T10:39:56","date_gmt":"2023-06-28T08:39:56","guid":{"rendered":"https:\/\/scaed.eu\/home\/"},"modified":"2023-08-01T14:29:05","modified_gmt":"2023-08-01T12:29:05","slug":"home","status":"publish","type":"page","link":"https:\/\/scaed.eu\/pl\/","title":{"rendered":"home"},"content":{"rendered":"\t\t<div data-elementor-type=\"wp-page\" data-elementor-id=\"1302\" class=\"elementor elementor-1302 elementor-2\" data-elementor-post-type=\"page\">\n\t\t\t\t\t\t<section class=\"elementor-section elementor-top-section elementor-element elementor-element-6163642 elementor-section-height-min-height elementor-section-boxed elementor-section-height-default elementor-section-items-middle\" data-id=\"6163642\" data-element_type=\"section\" data-e-type=\"section\" data-settings=\"{&quot;background_background&quot;:&quot;classic&quot;,&quot;jet_parallax_layout_list&quot;:[]}\">\n\t\t\t\t\t\t\t<div class=\"elementor-background-overlay\"><\/div>\n\t\t\t\t\t\t\t<div class=\"elementor-container elementor-column-gap-default\">\n\t\t\t\t\t<div class=\"elementor-column elementor-col-100 elementor-top-column elementor-element elementor-element-f66a599\" data-id=\"f66a599\" data-element_type=\"column\" data-e-type=\"column\">\n\t\t\t<div class=\"elementor-widget-wrap elementor-element-populated\">\n\t\t\t\t\t\t<div class=\"elementor-element elementor-element-e3b3e0a elementor-widget elementor-widget-image\" data-id=\"e3b3e0a\" data-element_type=\"widget\" data-e-type=\"widget\" data-widget_type=\"image.default\">\n\t\t\t\t<div class=\"elementor-widget-container\">\n\t\t\t\t\t\t\t\t\t\t\t\t\t\t\t<img fetchpriority=\"high\" decoding=\"async\" width=\"800\" height=\"1103\" src=\"https:\/\/scaed.eu\/wp-content\/uploads\/2023\/07\/logo_w.png\" class=\"attachment-full size-full wp-image-217\" alt=\"\" srcset=\"https:\/\/scaed.eu\/wp-content\/uploads\/2023\/07\/logo_w.png 800w, https:\/\/scaed.eu\/wp-content\/uploads\/2023\/07\/logo_w-218x300.png 218w, https:\/\/scaed.eu\/wp-content\/uploads\/2023\/07\/logo_w-743x1024.png 743w, https:\/\/scaed.eu\/wp-content\/uploads\/2023\/07\/logo_w-768x1059.png 768w\" sizes=\"(max-width: 800px) 100vw, 800px\" \/>\t\t\t\t\t\t\t\t\t\t\t\t\t\t\t<\/div>\n\t\t\t\t<\/div>\n\t\t\t\t<div class=\"elementor-element elementor-element-72cda7d elementor-widget elementor-widget-heading\" data-id=\"72cda7d\" data-element_type=\"widget\" data-e-type=\"widget\" data-widget_type=\"heading.default\">\n\t\t\t\t<div class=\"elementor-widget-container\">\n\t\t\t\t\t<h2 class=\"elementor-heading-title elementor-size-default\">Witamy na stronie SCAED! <\/h2>\t\t\t\t<\/div>\n\t\t\t\t<\/div>\n\t\t\t\t<div class=\"elementor-element elementor-element-15e97e0 elementor-widget elementor-widget-heading\" data-id=\"15e97e0\" data-element_type=\"widget\" data-e-type=\"widget\" data-widget_type=\"heading.default\">\n\t\t\t\t<div class=\"elementor-widget-container\">\n\t\t\t\t\t<h2 class=\"elementor-heading-title elementor-size-default\">Ten innowacyjny projekt Erasmus+ KA2 <br><b>ma na celu zapobieganie i walk\u0119 z zaburzeniami od\u017cywiania <\/b>w\u015br\u00f3d spo\u0142eczno\u015bci sportowej\n<\/h2>\t\t\t\t<\/div>\n\t\t\t\t<\/div>\n\t\t\t\t<div class=\"elementor-element elementor-element-04b973f elementor-align-center elementor-widget elementor-widget-button\" data-id=\"04b973f\" data-element_type=\"widget\" data-e-type=\"widget\" data-widget_type=\"button.default\">\n\t\t\t\t<div class=\"elementor-widget-container\">\n\t\t\t\t\t\t\t\t\t<div class=\"elementor-button-wrapper\">\n\t\t\t\t\t<a class=\"elementor-button elementor-button-link elementor-size-sm\" href=\"#project\">\n\t\t\t\t\t\t<span class=\"elementor-button-content-wrapper\">\n\t\t\t\t\t\t\t\t\t<span class=\"elementor-button-text\">Przeczytaj wi\u0119cej o projekcie<\/span>\n\t\t\t\t\t<\/span>\n\t\t\t\t\t<\/a>\n\t\t\t\t<\/div>\n\t\t\t\t\t\t\t\t<\/div>\n\t\t\t\t<\/div>\n\t\t\t\t<div class=\"elementor-element elementor-element-b06db11 elementor-widget elementor-widget-image\" data-id=\"b06db11\" data-element_type=\"widget\" data-e-type=\"widget\" data-widget_type=\"image.default\">\n\t\t\t\t<div class=\"elementor-widget-container\">\n\t\t\t\t\t\t\t\t\t\t\t\t\t\t\t<img decoding=\"async\" width=\"899\" height=\"946\" src=\"https:\/\/scaed.eu\/wp-content\/uploads\/2023\/07\/EN_co_fundedvertical_RGB_WHITE.png\" class=\"attachment-full size-full wp-image-257\" alt=\"\" srcset=\"https:\/\/scaed.eu\/wp-content\/uploads\/2023\/07\/EN_co_fundedvertical_RGB_WHITE.png 899w, https:\/\/scaed.eu\/wp-content\/uploads\/2023\/07\/EN_co_fundedvertical_RGB_WHITE-285x300.png 285w, https:\/\/scaed.eu\/wp-content\/uploads\/2023\/07\/EN_co_fundedvertical_RGB_WHITE-768x808.png 768w\" sizes=\"(max-width: 899px) 100vw, 899px\" \/>\t\t\t\t\t\t\t\t\t\t\t\t\t\t\t<\/div>\n\t\t\t\t<\/div>\n\t\t\t\t\t<\/div>\n\t\t<\/div>\n\t\t\t\t\t<\/div>\n\t\t<\/section>\n\t\t\t\t<section class=\"elementor-section elementor-top-section elementor-element elementor-element-4e0f964 elementor-section-height-min-height elementor-section-boxed elementor-section-height-default elementor-section-items-middle\" data-id=\"4e0f964\" data-element_type=\"section\" data-e-type=\"section\" id=\"project\" data-settings=\"{&quot;jet_parallax_layout_list&quot;:[]}\">\n\t\t\t\t\t\t<div class=\"elementor-container elementor-column-gap-default\">\n\t\t\t\t\t<div class=\"elementor-column elementor-col-100 elementor-top-column elementor-element elementor-element-e5ace6f\" data-id=\"e5ace6f\" data-element_type=\"column\" data-e-type=\"column\">\n\t\t\t<div class=\"elementor-widget-wrap elementor-element-populated\">\n\t\t\t\t\t\t<div class=\"elementor-element elementor-element-cb21a01 elementor-widget elementor-widget-heading\" data-id=\"cb21a01\" data-element_type=\"widget\" data-e-type=\"widget\" data-widget_type=\"heading.default\">\n\t\t\t\t<div class=\"elementor-widget-container\">\n\t\t\t\t\t<h2 class=\"elementor-heading-title elementor-size-default\">SCAED to<\/h2>\t\t\t\t<\/div>\n\t\t\t\t<\/div>\n\t\t\t\t<div class=\"elementor-element elementor-element-1b26d2a elementor-widget elementor-widget-heading\" data-id=\"1b26d2a\" data-element_type=\"widget\" data-e-type=\"widget\" data-widget_type=\"heading.default\">\n\t\t\t\t<div class=\"elementor-widget-container\">\n\t\t\t\t\t<h2 class=\"elementor-heading-title elementor-size-default\">trwaj\u0105cy 36 miesi\u0119cy, finansowany przez UE <b>projekt Erasmus+<\/b><\/h2>\t\t\t\t<\/div>\n\t\t\t\t<\/div>\n\t\t\t\t<div class=\"elementor-element elementor-element-fb14213 elementor-widget elementor-widget-heading\" data-id=\"fb14213\" data-element_type=\"widget\" data-e-type=\"widget\" data-widget_type=\"heading.default\">\n\t\t\t\t<div class=\"elementor-widget-container\">\n\t\t\t\t\t<h2 class=\"elementor-heading-title elementor-size-default\">kt\u00f3ry trwa od lipca 2022<\/h2>\t\t\t\t<\/div>\n\t\t\t\t<\/div>\n\t\t\t\t<section class=\"elementor-section elementor-inner-section elementor-element elementor-element-af0b9db elementor-section-boxed elementor-section-height-default elementor-section-height-default\" data-id=\"af0b9db\" data-element_type=\"section\" data-e-type=\"section\" data-settings=\"{&quot;jet_parallax_layout_list&quot;:[]}\">\n\t\t\t\t\t\t<div class=\"elementor-container elementor-column-gap-default\">\n\t\t\t\t\t<div class=\"elementor-column elementor-col-100 elementor-inner-column elementor-element elementor-element-c61c5e4\" data-id=\"c61c5e4\" data-element_type=\"column\" data-e-type=\"column\">\n\t\t\t<div class=\"elementor-widget-wrap elementor-element-populated\">\n\t\t\t\t\t\t<div class=\"elementor-element elementor-element-08b327f elementor-widget__width-auto elementor-view-default elementor-widget elementor-widget-icon\" data-id=\"08b327f\" data-element_type=\"widget\" data-e-type=\"widget\" data-widget_type=\"icon.default\">\n\t\t\t\t<div class=\"elementor-widget-container\">\n\t\t\t\t\t\t\t<div class=\"elementor-icon-wrapper\">\n\t\t\t<div class=\"elementor-icon\">\n\t\t\t<i aria-hidden=\"true\" class=\"fas fa-quote-left\"><\/i>\t\t\t<\/div>\n\t\t<\/div>\n\t\t\t\t\t\t<\/div>\n\t\t\t\t<\/div>\n\t\t\t\t<div class=\"elementor-element elementor-element-e3e5cf4 elementor-blockquote--skin-clean elementor-widget__width-auto elementor-blockquote--button-color-official elementor-widget elementor-widget-blockquote\" data-id=\"e3e5cf4\" data-element_type=\"widget\" data-e-type=\"widget\" data-widget_type=\"blockquote.default\">\n\t\t\t\t<div class=\"elementor-widget-container\">\n\t\t\t\t\t\t\t<blockquote class=\"elementor-blockquote\">\n\t\t\t<p class=\"elementor-blockquote__content\">\n\t\t\t\tWalczy\u0142am z wieloma zaburzeniami od\u017cywiania i problemami z cia\u0142em jako m\u0142odsza dziewczyna i du\u017co czasu zaj\u0119\u0142o mi pokochanie i akceptacja samej siebie! <br>\nUwierzcie mi, ca\u0142y ten b\u00f3l i zniszczenia, kt\u00f3re sobie wyrz\u0105dzi\u0142am, nie by\u0142y tego warte.\t\t\t<\/p>\n\t\t\t\t\t\t\t<div class=\"e-q-footer\">\n\t\t\t\t\t\t\t\t\t\t\t<cite class=\"elementor-blockquote__author\">Ireland Baldwin<\/cite>\n\t\t\t\t\t\t\t\t\t\t\t\t\t\t<\/div>\n\t\t\t\t\t<\/blockquote>\n\t\t\t\t\t\t<\/div>\n\t\t\t\t<\/div>\n\t\t\t\t\t<\/div>\n\t\t<\/div>\n\t\t\t\t\t<\/div>\n\t\t<\/section>\n\t\t\t\t<section class=\"elementor-section elementor-inner-section elementor-element elementor-element-7832449 elementor-section-boxed elementor-section-height-default elementor-section-height-default\" data-id=\"7832449\" data-element_type=\"section\" data-e-type=\"section\" data-settings=\"{&quot;jet_parallax_layout_list&quot;:[]}\">\n\t\t\t\t\t\t<div class=\"elementor-container elementor-column-gap-default\">\n\t\t\t\t\t<div class=\"elementor-column elementor-col-100 elementor-inner-column elementor-element elementor-element-4d1d40c\" data-id=\"4d1d40c\" data-element_type=\"column\" data-e-type=\"column\">\n\t\t\t<div class=\"elementor-widget-wrap elementor-element-populated\">\n\t\t\t\t\t\t<div class=\"elementor-element elementor-element-6d05809 elementor-widget elementor-widget-text-editor\" data-id=\"6d05809\" data-element_type=\"widget\" data-e-type=\"widget\" data-widget_type=\"text-editor.default\">\n\t\t\t\t<div class=\"elementor-widget-container\">\n\t\t\t\t\t\t\t\t\t<p>W ci\u0105gu ostatnich dziesi\u0119cioleci ilo\u015b\u0107 zaburze\u0144 od\u017cywiania znacznie wzros\u0142a na ca\u0142ym \u015bwiecie. W sektorze sportowym rozpowszechnienie tych problem\u00f3w jest wyj\u0105tkowo niepokoj\u0105ce, poniewa\u017c sportowcy s\u0105 bardziej podatni na nadmierne skupianie si\u0119 na utrzymywaniu doskona\u0142ego wygl\u0105du fizycznego i wydajno\u015bci. Mimo, \u017ce zawodowi sportowcy mog\u0105 liczy\u0107 na pomoc dietetyka i psychologa, kt\u00f3rzy poprowadz\u0105 ich w ich podr\u00f3\u017cy, trenerzy sportowc\u00f3w-amator\u00f3w nie maj\u0105 niezb\u0119dnego przeszkolenia i wiedzy, aby zidentyfikowa\u0107 ryzykowne zachowania i podj\u0105\u0107 dzia\u0142ania. Zesp\u00f3\u0142 SCAED zauwa\u017cy\u0142 w sektorze sportu brak zasob\u00f3w, aby zapewni\u0107 ludziom narz\u0119dzia prewencyjne i reaktywne, kt\u00f3re mog\u0105 pom\u00f3c w ograniczeniu rozprzestrzeniania si\u0119 zaburze\u0144 od\u017cywiania w Europie. Przyk\u0142adowo, nie istnieje mi\u0119dzynarodowy podmiot odpowiedzialny za podnoszenie \u015bwiadomo\u015bci i promowanie wymiany najlepszych praktyk mi\u0119dzy instytucjami. Projekt \u201eThe Sport Community Against Eating Disorders\u201d (\u201e\u015arodowisko Sportowe Przeciw Zaburzeniom Od\u017cywiania\u201d), znany r\u00f3wnie\u017c jako SCAED, pr\u00f3buje zaistnie\u0107 w tej niszy, po pierwsze, identyfikuj\u0105c cechy zaburze\u0144 od\u017cywiania w\u015br\u00f3d europejskich sportowc\u00f3w-amator\u00f3w, a po drugie, tworz\u0105c wysokiej jako\u015bci materia\u0142y (podr\u0119cznik, broszur\u0119 i map\u0119 Podmiot\u00f3w Europejskich), kt\u00f3re mog\u0105 by\u0107 wykorzystane przez instytucje zwi\u0105zane ze sportem (kluby sportowe, stowarzyszenia rodzin, instytucje szkol\u0105ce trener\u00f3w itp.) w walce z zaburzeniami od\u017cywiania. Badania zosta\u0142y przekszta\u0142cone w raport b\u0119d\u0105cy podstaw\u0105 przysz\u0142ych bada\u0144 i projekt\u00f3w, a podr\u0119cznik zosta\u0142 wdro\u017cony w \u017cycie poprzez warsztaty wprowadzaj\u0105ce, kt\u00f3re w d\u0142u\u017cszej perspektywie powinny pom\u00f3c trenerom i rodzinom sportowc\u00f3w w tej kwestii. W wyniku \u015bcis\u0142ej wsp\u00f3\u0142pracy partner\u00f3w i zaanga\u017cowania innych zainteresowanych, powsta\u0142 Europejski Front Sportowy przeciwko zaburzeniom od\u017cywiania, wspieraj\u0105cy przysz\u0142e inicjatywy i dzia\u0142ania.       <\/p>\n\t\t\t\t\t\t\t\t<\/div>\n\t\t\t\t<\/div>\n\t\t\t\t<div class=\"elementor-element elementor-element-3a058c2 elementor-align-center elementor-widget elementor-widget-button\" data-id=\"3a058c2\" data-element_type=\"widget\" data-e-type=\"widget\" data-widget_type=\"button.default\">\n\t\t\t\t<div class=\"elementor-widget-container\">\n\t\t\t\t\t\t\t\t\t<div class=\"elementor-button-wrapper\">\n\t\t\t\t\t<a class=\"elementor-button elementor-button-link elementor-size-sm\" href=\"https:\/\/scaed.eu\/pl\/projekt\/\">\n\t\t\t\t\t\t<span class=\"elementor-button-content-wrapper\">\n\t\t\t\t\t\t<span class=\"elementor-button-icon\">\n\t\t\t\t<i aria-hidden=\"true\" class=\"fas fa-arrow-right\"><\/i>\t\t\t<\/span>\n\t\t\t\t\t\t\t\t\t<span class=\"elementor-button-text\">Og\u00f3lne za\u0142o\u017cenia<\/span>\n\t\t\t\t\t<\/span>\n\t\t\t\t\t<\/a>\n\t\t\t\t<\/div>\n\t\t\t\t\t\t\t\t<\/div>\n\t\t\t\t<\/div>\n\t\t\t\t\t<\/div>\n\t\t<\/div>\n\t\t\t\t\t<\/div>\n\t\t<\/section>\n\t\t\t\t<section class=\"elementor-section elementor-inner-section elementor-element elementor-element-3e26ea8 elementor-section-boxed elementor-section-height-default elementor-section-height-default\" data-id=\"3e26ea8\" data-element_type=\"section\" data-e-type=\"section\" data-settings=\"{&quot;jet_parallax_layout_list&quot;:[]}\">\n\t\t\t\t\t\t<div class=\"elementor-container elementor-column-gap-default\">\n\t\t\t\t\t<div class=\"elementor-column elementor-col-100 elementor-inner-column elementor-element elementor-element-096e51b\" data-id=\"096e51b\" data-element_type=\"column\" data-e-type=\"column\">\n\t\t\t<div class=\"elementor-widget-wrap elementor-element-populated\">\n\t\t\t\t\t\t<div class=\"elementor-element elementor-element-f1585c9 elementor-widget-divider--view-line_text elementor-widget-divider--separator-type-pattern elementor-widget-divider--element-align-center elementor-widget elementor-widget-divider\" data-id=\"f1585c9\" data-element_type=\"widget\" data-e-type=\"widget\" data-widget_type=\"divider.default\">\n\t\t\t\t<div class=\"elementor-widget-container\">\n\t\t\t\t\t\t\t<div class=\"elementor-divider\" style=\"--divider-pattern-url: url(&quot;data:image\/svg+xml,%3Csvg xmlns=&#039;http:\/\/www.w3.org\/2000\/svg&#039; preserveAspectRatio=&#039;none&#039; overflow=&#039;visible&#039; height=&#039;100%&#039; viewBox=&#039;0 0 24 24&#039; fill=&#039;black&#039; stroke=&#039;none&#039;%3E%3Cpolygon points=&#039;9.4,2 24,2 14.6,21.6 0,21.6&#039;\/%3E%3C\/svg%3E&quot;);\">\n\t\t\t<span class=\"elementor-divider-separator\">\n\t\t\t\t\t\t\t<span class=\"elementor-divider__text elementor-divider__element\">\n\t\t\t\tPARTNER\t\t\t\t<\/span>\n\t\t\t\t\t\t<\/span>\n\t\t<\/div>\n\t\t\t\t\t\t<\/div>\n\t\t\t\t<\/div>\n\t\t\t\t<div class=\"elementor-element elementor-element-087de79 elementor-widget elementor-widget-image-carousel\" data-id=\"087de79\" data-element_type=\"widget\" data-e-type=\"widget\" data-settings=\"{&quot;slides_to_show&quot;:&quot;6&quot;,&quot;navigation&quot;:&quot;none&quot;,&quot;slides_to_show_mobile&quot;:&quot;2&quot;,&quot;autoplay&quot;:&quot;yes&quot;,&quot;pause_on_hover&quot;:&quot;yes&quot;,&quot;pause_on_interaction&quot;:&quot;yes&quot;,&quot;autoplay_speed&quot;:5000,&quot;infinite&quot;:&quot;yes&quot;,&quot;speed&quot;:500}\" data-widget_type=\"image-carousel.default\">\n\t\t\t\t<div class=\"elementor-widget-container\">\n\t\t\t\t\t            <div class=\"elementor-image-carousel-wrapper swiper\" role=\"region\" aria-roledescription=\"carousel\" aria-label=\"Karuzela obrazk\u00f3w\" dir=\"ltr\">\n                <div class=\"elementor-image-carousel swiper-wrapper\" aria-live=\"off\">\n\t\t\t\t\t\t\t\t\t\t<div class=\"swiper-slide\"><a data-elementor-open-lightbox=\"yes\" data-elementor-lightbox-slideshow=\"087de79\" data-elementor-lightbox-title=\"logo-ORMA\" data-e-action-hash=\"#elementor-action%3Aaction%3Dlightbox%26settings%3DeyJpZCI6MjI3LCJ1cmwiOiJodHRwczpcL1wvc2NhZWQuZXVcL3dwLWNvbnRlbnRcL3VwbG9hZHNcLzIwMjNcLzA3XC9sb2dvLU9STUEucG5nIiwic2xpZGVzaG93IjoiMDg3ZGU3OSJ9\" href=\"https:\/\/scaed.eu\/wp-content\/uploads\/2023\/07\/logo-ORMA.png\"><figure class=\"swiper-slide-inner\"><img decoding=\"async\" class=\"swiper-slide-image\" src=\"https:\/\/scaed.eu\/wp-content\/uploads\/2023\/07\/logo-ORMA.png\" alt=\"logo-ORMA\" \/><\/figure><\/a><\/div><div class=\"swiper-slide\"><a data-elementor-open-lightbox=\"yes\" data-elementor-lightbox-slideshow=\"087de79\" data-elementor-lightbox-title=\"logo-BSDA_2\" data-e-action-hash=\"#elementor-action%3Aaction%3Dlightbox%26settings%3DeyJpZCI6MjYyLCJ1cmwiOiJodHRwczpcL1wvc2NhZWQuZXVcL3dwLWNvbnRlbnRcL3VwbG9hZHNcLzIwMjNcLzA3XC9sb2dvLUJTREFfMi5wbmciLCJzbGlkZXNob3ciOiIwODdkZTc5In0%3D\" href=\"https:\/\/scaed.eu\/wp-content\/uploads\/2023\/07\/logo-BSDA_2.png\"><figure class=\"swiper-slide-inner\"><img decoding=\"async\" class=\"swiper-slide-image\" src=\"https:\/\/scaed.eu\/wp-content\/uploads\/2023\/07\/logo-BSDA_2.png\" alt=\"logo-BSDA_2\" \/><\/figure><\/a><\/div><div class=\"swiper-slide\"><a data-elementor-open-lightbox=\"yes\" data-elementor-lightbox-slideshow=\"087de79\" data-elementor-lightbox-title=\"logo-EILD\" data-e-action-hash=\"#elementor-action%3Aaction%3Dlightbox%26settings%3DeyJpZCI6MjM3LCJ1cmwiOiJodHRwczpcL1wvc2NhZWQuZXVcL3dwLWNvbnRlbnRcL3VwbG9hZHNcLzIwMjNcLzA3XC9sb2dvLUVJTEQucG5nIiwic2xpZGVzaG93IjoiMDg3ZGU3OSJ9\" href=\"https:\/\/scaed.eu\/wp-content\/uploads\/2023\/07\/logo-EILD.png\"><figure class=\"swiper-slide-inner\"><img decoding=\"async\" class=\"swiper-slide-image\" src=\"https:\/\/scaed.eu\/wp-content\/uploads\/2023\/07\/logo-EILD.png\" alt=\"logo-EILD\" \/><\/figure><\/a><\/div><div class=\"swiper-slide\"><a data-elementor-open-lightbox=\"yes\" data-elementor-lightbox-slideshow=\"087de79\" data-elementor-lightbox-title=\"logo-KARATE KLUB METALURG\" data-e-action-hash=\"#elementor-action%3Aaction%3Dlightbox%26settings%3DeyJpZCI6MjUyLCJ1cmwiOiJodHRwczpcL1wvc2NhZWQuZXVcL3dwLWNvbnRlbnRcL3VwbG9hZHNcLzIwMjNcLzA3XC9sb2dvLUtBUkFURS1LTFVCLU1FVEFMVVJHLnBuZyIsInNsaWRlc2hvdyI6IjA4N2RlNzkifQ%3D%3D\" href=\"https:\/\/scaed.eu\/wp-content\/uploads\/2023\/07\/logo-KARATE-KLUB-METALURG.png\"><figure class=\"swiper-slide-inner\"><img decoding=\"async\" class=\"swiper-slide-image\" src=\"https:\/\/scaed.eu\/wp-content\/uploads\/2023\/07\/logo-KARATE-KLUB-METALURG.png\" alt=\"logo-KARATE KLUB METALURG\" \/><\/figure><\/a><\/div><div class=\"swiper-slide\"><a data-elementor-open-lightbox=\"yes\" data-elementor-lightbox-slideshow=\"087de79\" data-elementor-lightbox-title=\"logo-INSTITUTE OF PUBLIC HEALTH\" data-e-action-hash=\"#elementor-action%3Aaction%3Dlightbox%26settings%3DeyJpZCI6MjQyLCJ1cmwiOiJodHRwczpcL1wvc2NhZWQuZXVcL3dwLWNvbnRlbnRcL3VwbG9hZHNcLzIwMjNcLzA3XC9sb2dvLUlOU1RJVFVURS1PRi1QVUJMSUMtSEVBTFRILnBuZyIsInNsaWRlc2hvdyI6IjA4N2RlNzkifQ%3D%3D\" href=\"https:\/\/scaed.eu\/wp-content\/uploads\/2023\/07\/logo-INSTITUTE-OF-PUBLIC-HEALTH.png\"><figure class=\"swiper-slide-inner\"><img decoding=\"async\" class=\"swiper-slide-image\" src=\"https:\/\/scaed.eu\/wp-content\/uploads\/2023\/07\/logo-INSTITUTE-OF-PUBLIC-HEALTH.png\" alt=\"logo-INSTITUTE OF PUBLIC HEALTH\" \/><\/figure><\/a><\/div><div class=\"swiper-slide\"><a data-elementor-open-lightbox=\"yes\" data-elementor-lightbox-slideshow=\"087de79\" data-elementor-lightbox-title=\"logo-SPORT CHAMPIONSHIP SCHOOL Jastrze\u0328bski Wegiel_2\" data-e-action-hash=\"#elementor-action%3Aaction%3Dlightbox%26settings%3DeyJpZCI6MjY3LCJ1cmwiOiJodHRwczpcL1wvc2NhZWQuZXVcL3dwLWNvbnRlbnRcL3VwbG9hZHNcLzIwMjNcLzA3XC9sb2dvLVNQT1JULUNIQU1QSU9OU0hJUC1TQ0hPT0wtSmFzdHJ6ZVx1MDMyOGJza2ktV2VnaWVsXzIucG5nIiwic2xpZGVzaG93IjoiMDg3ZGU3OSJ9\" href=\"https:\/\/scaed.eu\/wp-content\/uploads\/2023\/07\/logo-SPORT-CHAMPIONSHIP-SCHOOL-Jastrze\u0328bski-Wegiel_2.png\"><figure class=\"swiper-slide-inner\"><img decoding=\"async\" class=\"swiper-slide-image\" src=\"https:\/\/scaed.eu\/wp-content\/uploads\/2023\/07\/logo-SPORT-CHAMPIONSHIP-SCHOOL-Jastrze\u0328bski-Wegiel_2.png\" alt=\"logo-SPORT CHAMPIONSHIP SCHOOL Jastrze\u0328bski Wegiel_2\" \/><\/figure><\/a><\/div>                <\/div>\n\t\t\t\t\t\t\t\t\t\t\t\t\t\t\t\t\t\t            <\/div>\n\t\t\t\t\t\t\t<\/div>\n\t\t\t\t<\/div>\n\t\t\t\t\t<\/div>\n\t\t<\/div>\n\t\t\t\t\t<\/div>\n\t\t<\/section>\n\t\t\t\t\t<\/div>\n\t\t<\/div>\n\t\t\t\t\t<\/div>\n\t\t<\/section>\n\t\t\t\t<\/div>\n\t\t","protected":false},"excerpt":{"rendered":"<p>Witamy na stronie SCAED! Ten innowacyjny projekt Erasmus+ KA2 ma na celu zapobieganie i walk\u0119 z zaburzeniami od\u017cywiania w\u015br\u00f3d spo\u0142eczno\u015bci sportowej Przeczytaj wi\u0119cej o projekcie SCAED to trwaj\u0105cy 36 miesi\u0119cy, finansowany przez UE projekt Erasmus+ kt\u00f3ry trwa od lipca 2022 Walczy\u0142am z wieloma zaburzeniami od\u017cywiania i problemami z cia\u0142em jako m\u0142odsza dziewczyna i du\u017co czasu [&hellip;]<\/p>\n","protected":false},"author":1,"featured_media":0,"parent":0,"menu_order":0,"comment_status":"closed","ping_status":"closed","template":"","meta":{"footnotes":""},"class_list":["post-1302","page","type-page","status-publish","hentry"],"_links":{"self":[{"href":"https:\/\/scaed.eu\/pl\/wp-json\/wp\/v2\/pages\/1302","targetHints":{"allow":["GET"]}}],"collection":[{"href":"https:\/\/scaed.eu\/pl\/wp-json\/wp\/v2\/pages"}],"about":[{"href":"https:\/\/scaed.eu\/pl\/wp-json\/wp\/v2\/types\/page"}],"author":[{"embeddable":true,"href":"https:\/\/scaed.eu\/pl\/wp-json\/wp\/v2\/users\/1"}],"replies":[{"embeddable":true,"href":"https:\/\/scaed.eu\/pl\/wp-json\/wp\/v2\/comments?post=1302"}],"version-history":[{"count":4,"href":"https:\/\/scaed.eu\/pl\/wp-json\/wp\/v2\/pages\/1302\/revisions"}],"predecessor-version":[{"id":1662,"href":"https:\/\/scaed.eu\/pl\/wp-json\/wp\/v2\/pages\/1302\/revisions\/1662"}],"wp:attachment":[{"href":"https:\/\/scaed.eu\/pl\/wp-json\/wp\/v2\/media?parent=1302"}],"curies":[{"name":"wp","href":"https:\/\/api.w.org\/{rel}","templated":true}]}}