{"id":994,"date":"2023-07-06T15:02:32","date_gmt":"2023-07-06T13:02:32","guid":{"rendered":"https:\/\/scaed.eu\/attivita-e-galleria\/"},"modified":"2023-12-05T11:23:47","modified_gmt":"2023-12-05T10:23:47","slug":"attivita-e-galleria","status":"publish","type":"page","link":"https:\/\/scaed.eu\/it\/attivita-e-galleria\/","title":{"rendered":"Attivit\u00e0 e galleria"},"content":{"rendered":"\t\t<div data-elementor-type=\"wp-page\" data-elementor-id=\"994\" class=\"elementor elementor-994 elementor-411\" data-elementor-post-type=\"page\">\n\t\t\t\t\t\t<section class=\"elementor-section elementor-top-section elementor-element elementor-element-4dbe2f7 elementor-section-height-min-height elementor-section-boxed elementor-section-height-default elementor-section-items-middle\" data-id=\"4dbe2f7\" data-element_type=\"section\" data-e-type=\"section\" data-settings=\"{&quot;background_background&quot;:&quot;classic&quot;,&quot;jet_parallax_layout_list&quot;:[]}\">\n\t\t\t\t\t\t\t<div class=\"elementor-background-overlay\"><\/div>\n\t\t\t\t\t\t\t<div class=\"elementor-container elementor-column-gap-default\">\n\t\t\t\t\t<div class=\"elementor-column elementor-col-100 elementor-top-column elementor-element elementor-element-63fe606\" data-id=\"63fe606\" data-element_type=\"column\" data-e-type=\"column\">\n\t\t\t<div class=\"elementor-widget-wrap\">\n\t\t\t\t\t\t\t<\/div>\n\t\t<\/div>\n\t\t\t\t\t<\/div>\n\t\t<\/section>\n\t\t\t\t<section class=\"elementor-section elementor-top-section elementor-element elementor-element-e918346 elementor-section-height-min-height elementor-section-boxed elementor-section-height-default elementor-section-items-middle\" data-id=\"e918346\" data-element_type=\"section\" data-e-type=\"section\" data-settings=\"{&quot;jet_parallax_layout_list&quot;:[]}\">\n\t\t\t\t\t\t<div class=\"elementor-container elementor-column-gap-default\">\n\t\t\t\t\t<div class=\"elementor-column elementor-col-100 elementor-top-column elementor-element elementor-element-5cd65b5\" data-id=\"5cd65b5\" data-element_type=\"column\" data-e-type=\"column\">\n\t\t\t<div class=\"elementor-widget-wrap elementor-element-populated\">\n\t\t\t\t\t\t<div class=\"elementor-element elementor-element-ac69a23 elementor-widget elementor-widget-heading\" data-id=\"ac69a23\" data-element_type=\"widget\" data-e-type=\"widget\" data-widget_type=\"heading.default\">\n\t\t\t\t<div class=\"elementor-widget-container\">\n\t\t\t\t\t<h2 class=\"elementor-heading-title elementor-size-default\">Attivit\u00e0<\/h2>\t\t\t\t<\/div>\n\t\t\t\t<\/div>\n\t\t\t\t<div class=\"elementor-element elementor-element-c95ffa7 elementor-widget elementor-widget-heading\" data-id=\"c95ffa7\" data-element_type=\"widget\" data-e-type=\"widget\" data-widget_type=\"heading.default\">\n\t\t\t\t<div class=\"elementor-widget-container\">\n\t\t\t\t\t<h2 class=\"elementor-heading-title elementor-size-default\">e galleria<\/h2>\t\t\t\t<\/div>\n\t\t\t\t<\/div>\n\t\t\t\t<section class=\"elementor-section elementor-inner-section elementor-element elementor-element-6cfb04c elementor-section-boxed elementor-section-height-default elementor-section-height-default\" data-id=\"6cfb04c\" data-element_type=\"section\" data-e-type=\"section\" data-settings=\"{&quot;jet_parallax_layout_list&quot;:[]}\">\n\t\t\t\t\t\t<div class=\"elementor-container elementor-column-gap-default\">\n\t\t\t\t\t<div class=\"elementor-column elementor-col-100 elementor-inner-column elementor-element elementor-element-9683327\" data-id=\"9683327\" data-element_type=\"column\" data-e-type=\"column\">\n\t\t\t<div class=\"elementor-widget-wrap elementor-element-populated\">\n\t\t\t\t\t\t<div class=\"elementor-element elementor-element-5a4cf9c elementor-widget elementor-widget-jet-timeline\" data-id=\"5a4cf9c\" data-element_type=\"widget\" data-e-type=\"widget\" data-widget_type=\"jet-timeline.default\">\n\t\t\t\t<div class=\"elementor-widget-container\">\n\t\t\t\t\t<div class=\"elementor-jet-timeline jet-elements\"><div class=\"jet-timeline jet-timeline--align-center jet-timeline--align-middle\">\n\t<div class=\"jet-timeline__line\"><div class=\"jet-timeline__line-progress\"><\/div><\/div>\n\t<div class=\"jet-timeline-list\"><div class=\"jet-timeline-item  elementor-repeater-item-da32c90 jet-timeline-item--image-inside\">\n\t<div class=\"timeline-item__card\">\n\t\t<div class=\"timeline-item__card-inner\">\n\t\t\t\t<div class=\"timeline-item__card-img\"><img fetchpriority=\"high\" decoding=\"async\" width=\"1200\" height=\"900\" src=\"https:\/\/scaed.eu\/wp-content\/uploads\/2023\/07\/Kick-off-meeting_19.jpg\" class=\"attachment-full size-full wp-image-438\" alt=\"\" \/><\/div>\t\t\t\t<div class=\"timeline-item__card-content\">\n\t\t\t\t\t<div class=\"timeline-item__meta\"><div class=\"timeline-item__meta-content\">12\/07\/2022<\/div><\/div><h5 class=\"timeline-item__card-title\">Kick-off Meeting a Milano<\/h5><div class=\"timeline-item__card-desc\">Si \u00e8 tenuto a Milano (Italia) il primo meeting transnazionale (kick-off meeting) del progetto Erasmus+ della durata di 30 mesi insieme ai rappresentanti delle 5 organizzazioni partner<\/div><div class=\"timeline-item__card-btn-wrap\"><a class=\"timeline-item__card-btn elementor-button elementor-size-md\" role=\"button\" href=\"#elementor-action%3Aaction%3Dpopup%3Aopen%26settings%3DeyJpZCI6NTQwLCJ0b2dnbGUiOmZhbHNlfQ%3D%3D\">Galleria<\/a><\/div>\t\t\t\t<\/div>\n\t\t\t\t\t\t<\/div>\n\t\t<div class=\"timeline-item__card-arrow\"><\/div>\n\t<\/div>\n\t<div class=\"timeline-item__point\"><div class=\"timeline-item__point-content timeline-item__point-content--icon\"><span class=\"jet-elements-icon\"><i aria-hidden=\"true\" class=\"far fa-calendar-alt\"><\/i><\/span><\/div><\/div><div class=\"timeline-item__meta\"><div class=\"timeline-item__meta-content\">12\/07\/2022<\/div><\/div><\/div><div class=\"jet-timeline-item  elementor-repeater-item-4a2ec3b jet-timeline-item--image-inside\">\n\t<div class=\"timeline-item__card\">\n\t\t<div class=\"timeline-item__card-inner\">\n\t\t\t\t<div class=\"timeline-item__card-img\"><img decoding=\"async\" width=\"1280\" height=\"853\" src=\"https:\/\/scaed.eu\/wp-content\/uploads\/2023\/07\/Research.jpg\" class=\"attachment-full size-full wp-image-545\" alt=\"\" \/><\/div>\t\t\t\t<div class=\"timeline-item__card-content\">\n\t\t\t\t\t<div class=\"timeline-item__meta\"><div class=\"timeline-item__meta-content\">08\/2022 - 04\/2023<\/div><\/div><h5 class=\"timeline-item__card-title\">Ricerca<\/h5><div class=\"timeline-item__card-desc\">Al fine di elaborare un \"Rapporto sulla situazione dei disturbi alimentari nello sport in Europa\", i partner hanno studiato la situazione dei DE in Europa attraverso sondaggi diretti a gruppi target (allenatori sportivi, atleti, club sportivi, ecc.), analisi di dati statistici dati e revisione della letteratura. Di conseguenza, hanno scoperto le discipline ad alto rischio e gli ED pi\u00f9 comuni tra gli atleti. Inoltre, hanno scoperto le lacune nella conoscenza degli allenatori sportivi e delle famiglie in questo senso.   <\/div>\t\t\t\t<\/div>\n\t\t\t\t\t\t<\/div>\n\t\t<div class=\"timeline-item__card-arrow\"><\/div>\n\t<\/div>\n\t<div class=\"timeline-item__point\"><div class=\"timeline-item__point-content timeline-item__point-content--icon\"><span class=\"jet-elements-icon\"><i aria-hidden=\"true\" class=\"far fa-calendar-alt\"><\/i><\/span><\/div><\/div><div class=\"timeline-item__meta\"><div class=\"timeline-item__meta-content\">08\/2022 - 04\/2023<\/div><\/div><\/div><div class=\"jet-timeline-item  elementor-repeater-item-49e88b6 jet-timeline-item--image-inside\">\n\t<div class=\"timeline-item__card\">\n\t\t<div class=\"timeline-item__card-inner\">\n\t\t\t\t<div class=\"timeline-item__card-img\"><img decoding=\"async\" width=\"1200\" height=\"898\" src=\"https:\/\/scaed.eu\/wp-content\/uploads\/2023\/07\/mid-term-meeting_03.jpg\" class=\"attachment-full size-full wp-image-713\" alt=\"\" \/><\/div>\t\t\t\t<div class=\"timeline-item__card-content\">\n\t\t\t\t\t<div class=\"timeline-item__meta\"><div class=\"timeline-item__meta-content\">26\/01\/2023<\/div><\/div><h5 class=\"timeline-item__card-title\">Meeting di met\u00e0 progetto<\/h5><div class=\"timeline-item__card-desc\">L'obiettivo principale di questo incontro \u00e8 stato eseguire la valutazione del rapporto di ricerca e stabilire le linee guida del manuale. Si \u00e8 tenuto a Fiume, in Croazia.  <\/div><div class=\"timeline-item__card-btn-wrap\"><a class=\"timeline-item__card-btn elementor-button elementor-size-md\" role=\"button\" href=\"#elementor-action%3Aaction%3Dpopup%3Aopen%26settings%3DeyJpZCI6Njk3LCJ0b2dnbGUiOmZhbHNlfQ%3D%3D\">Galleria<\/a><\/div>\t\t\t\t<\/div>\n\t\t\t\t\t\t<\/div>\n\t\t<div class=\"timeline-item__card-arrow\"><\/div>\n\t<\/div>\n\t<div class=\"timeline-item__point\"><div class=\"timeline-item__point-content timeline-item__point-content--icon\"><span class=\"jet-elements-icon\"><i aria-hidden=\"true\" class=\"far fa-calendar-alt\"><\/i><\/span><\/div><\/div><div class=\"timeline-item__meta\"><div class=\"timeline-item__meta-content\">26\/01\/2023<\/div><\/div><\/div><div class=\"jet-timeline-item  elementor-repeater-item-fc36b38 jet-timeline-item--image-inside\">\n\t<div class=\"timeline-item__card\">\n\t\t<div class=\"timeline-item__card-inner\">\n\t\t\t\t<div class=\"timeline-item__card-img\"><img loading=\"lazy\" decoding=\"async\" width=\"1280\" height=\"848\" src=\"https:\/\/scaed.eu\/wp-content\/uploads\/2023\/07\/Manual.jpg\" class=\"attachment-full size-full wp-image-768\" alt=\"\" \/><\/div>\t\t\t\t<div class=\"timeline-item__card-content\">\n\t\t\t\t\t<div class=\"timeline-item__meta\"><div class=\"timeline-item__meta-content\">01\/2023 - 04\/2024<\/div><\/div><h5 class=\"timeline-item__card-title\">Elaborazione del Manuale<\/h5><div class=\"timeline-item__card-desc\">EILD (WP3) ha preparato una versione preliminare del Manuale su \u201cCome prevenire e combattere i disturbi alimentari tra gli atleti\u201d. Sulla base di questo documento, \u00e8 stata preparata una formazione preparatoria per i facilitatori. Questa formazione ha lo scopo di preparare formatori e psicologi a guidare seminari sugli ED per allenatori sportivi e famiglie di atleti.  <\/div>\t\t\t\t<\/div>\n\t\t\t\t\t\t<\/div>\n\t\t<div class=\"timeline-item__card-arrow\"><\/div>\n\t<\/div>\n\t<div class=\"timeline-item__point\"><div class=\"timeline-item__point-content timeline-item__point-content--icon\"><span class=\"jet-elements-icon\"><i aria-hidden=\"true\" class=\"far fa-calendar-alt\"><\/i><\/span><\/div><\/div><div class=\"timeline-item__meta\"><div class=\"timeline-item__meta-content\">01\/2023 - 04\/2024<\/div><\/div><\/div><div class=\"jet-timeline-item  elementor-repeater-item-960c3fc jet-timeline-item--image-inside\">\n\t<div class=\"timeline-item__card\">\n\t\t<div class=\"timeline-item__card-inner\">\n\t\t\t\t\t\t\t\t<div class=\"timeline-item__card-content\">\n\t\t\t\t\t<div class=\"timeline-item__meta\"><div class=\"timeline-item__meta-content\">03-05\/07\/2023<\/div><\/div><h5 class=\"timeline-item__card-title\">Formazione dei facilitatori<\/h5><div class=\"timeline-item__card-desc\">EILD ha ospitato a Salonicco una formazione internazionale nelle proprie strutture con tutti i membri del team che saranno incaricati di facilitare i workshop locali. Hanno anche raccolto il loro feedback per migliorare la qualit\u00e0 del manuale. <\/div>\t\t\t\t<\/div>\n\t\t\t\t\t\t<\/div>\n\t\t<div class=\"timeline-item__card-arrow\"><\/div>\n\t<\/div>\n\t<div class=\"timeline-item__point\"><div class=\"timeline-item__point-content timeline-item__point-content--icon\"><span class=\"jet-elements-icon\"><i aria-hidden=\"true\" class=\"far fa-calendar-alt\"><\/i><\/span><\/div><\/div><div class=\"timeline-item__meta\"><div class=\"timeline-item__meta-content\">03-05\/07\/2023<\/div><\/div><\/div><div class=\"jet-timeline-item  elementor-repeater-item-02d2d52 jet-timeline-item--image-inside\">\n\t<div class=\"timeline-item__card\">\n\t\t<div class=\"timeline-item__card-inner\">\n\t\t\t\t\t\t\t\t<div class=\"timeline-item__card-content\">\n\t\t\t\t\t<div class=\"timeline-item__meta\"><div class=\"timeline-item__meta-content\">09\/2023 - 02\/2024<\/div><\/div><h5 class=\"timeline-item__card-title\">Workshop (attivit\u00e0 locali)<\/h5><div class=\"timeline-item__card-desc\">In ogni paese partner, il Consorzio ha organizzato i suddetti workshop in strutture target come istituzioni educative che formano allenatori sportivi o associazioni di genitori di atleti. Ci\u00f2 ha fornito ulteriori informazioni sulla qualit\u00e0 del manuale, che l'EILD ha adeguato di conseguenza. Le attivit\u00e0 locali sono state organizzate da Bulsport.  <\/div>\t\t\t\t<\/div>\n\t\t\t\t\t\t<\/div>\n\t\t<div class=\"timeline-item__card-arrow\"><\/div>\n\t<\/div>\n\t<div class=\"timeline-item__point\"><div class=\"timeline-item__point-content timeline-item__point-content--icon\"><span class=\"jet-elements-icon\"><i aria-hidden=\"true\" class=\"far fa-calendar-alt\"><\/i><\/span><\/div><\/div><div class=\"timeline-item__meta\"><div class=\"timeline-item__meta-content\">09\/2023 - 02\/2024<\/div><\/div><\/div><div class=\"jet-timeline-item  elementor-repeater-item-c787cb3 jet-timeline-item--image-inside\">\n\t<div class=\"timeline-item__card\">\n\t\t<div class=\"timeline-item__card-inner\">\n\t\t\t\t\t\t\t\t<div class=\"timeline-item__card-content\">\n\t\t\t\t\t<div class=\"timeline-item__meta\"><div class=\"timeline-item__meta-content\">01\/2023- 04\/2024<\/div><\/div><h5 class=\"timeline-item__card-title\">Elaborazione della mappa<\/h5><div class=\"timeline-item__card-desc\">L'ORMA a questo punto ha predisposto la mappa digitale con tutte le Risorse Europee disponibili in relazione ai PS. Questa mappa funziona come una piattaforma interattiva in cui il grande pubblico pu\u00f2 cercare le associazioni\/entit\u00e0 pi\u00f9 vicine a loro che possono offrire un qualche tipo di supporto alle persone che soffrono di DE. Non esiste alcuna iniziativa simile, ma i partner ritengono che sarebbe molto utile quando si cerca aiuto in questa materia.  <\/div>\t\t\t\t<\/div>\n\t\t\t\t\t\t<\/div>\n\t\t<div class=\"timeline-item__card-arrow\"><\/div>\n\t<\/div>\n\t<div class=\"timeline-item__point\"><div class=\"timeline-item__point-content timeline-item__point-content--icon\"><span class=\"jet-elements-icon\"><i aria-hidden=\"true\" class=\"far fa-calendar-alt\"><\/i><\/span><\/div><\/div><div class=\"timeline-item__meta\"><div class=\"timeline-item__meta-content\">01\/2023- 04\/2024<\/div><\/div><\/div><div class=\"jet-timeline-item  elementor-repeater-item-328f01e jet-timeline-item--image-inside\">\n\t<div class=\"timeline-item__card\">\n\t\t<div class=\"timeline-item__card-inner\">\n\t\t\t\t\t\t\t\t<div class=\"timeline-item__card-content\">\n\t\t\t\t\t<div class=\"timeline-item__meta\"><div class=\"timeline-item__meta-content\">10\/2024<\/div><\/div><h5 class=\"timeline-item__card-title\">Incontro Finale ed Evento Moltiplier Internazionale<\/h5><div class=\"timeline-item__card-desc\">Karate Klub (WP5) ha organizzato un evento multiplier durante la Settimana europea dello sport volto a promuovere i risultati del progetto e ad aumentare la consapevolezza sulla diffusione degli ED. L'evento \u00e8 stato un convegno tra esperti internazionali di psicologia, DE e sport. I rappresentanti del settore sportivo europeo sono stati invitati a partecipare e conoscere l'iniziativa. Lo scopo dell'incontro finale era valutare i risultati dei workshop locali e valutare la qualit\u00e0 del Manuale e della Mappa. Infine, i partner hanno preparato l'agenda dell'evento multiplier e discusso le opportunit\u00e0 che avevano per continuare a lavorare contro la diffusione degli ED.    <\/div>\t\t\t\t<\/div>\n\t\t\t\t\t\t<\/div>\n\t\t<div class=\"timeline-item__card-arrow\"><\/div>\n\t<\/div>\n\t<div class=\"timeline-item__point\"><div class=\"timeline-item__point-content timeline-item__point-content--icon\"><span class=\"jet-elements-icon\"><i aria-hidden=\"true\" class=\"far fa-calendar-alt\"><\/i><\/span><\/div><\/div><div class=\"timeline-item__meta\"><div class=\"timeline-item__meta-content\">10\/2024<\/div><\/div><\/div><\/div><\/div><\/div>\t\t\t\t<\/div>\n\t\t\t\t<\/div>\n\t\t\t\t\t<\/div>\n\t\t<\/div>\n\t\t\t\t\t<\/div>\n\t\t<\/section>\n\t\t\t\t\t<\/div>\n\t\t<\/div>\n\t\t\t\t\t<\/div>\n\t\t<\/section>\n\t\t\t\t<\/div>\n\t\t","protected":false},"excerpt":{"rendered":"<p>Attivit\u00e0 e galleria 12\/07\/2022 Kick-off Meeting a Milano Si \u00e8 tenuto a Milano (Italia) il primo meeting transnazionale (kick-off meeting) del progetto Erasmus+ della durata di 30 mesi insieme ai rappresentanti delle 5 organizzazioni partner 12\/07\/2022 08\/2022 &#8211; 04\/2023 Ricerca Al fine di elaborare un &#8220;Rapporto sulla situazione dei disturbi alimentari nello sport in Europa&#8221;, [&hellip;]<\/p>\n","protected":false},"author":1,"featured_media":0,"parent":0,"menu_order":0,"comment_status":"closed","ping_status":"closed","template":"","meta":{"footnotes":""},"class_list":["post-994","page","type-page","status-publish","hentry"],"_links":{"self":[{"href":"https:\/\/scaed.eu\/it\/wp-json\/wp\/v2\/pages\/994","targetHints":{"allow":["GET"]}}],"collection":[{"href":"https:\/\/scaed.eu\/it\/wp-json\/wp\/v2\/pages"}],"about":[{"href":"https:\/\/scaed.eu\/it\/wp-json\/wp\/v2\/types\/page"}],"author":[{"embeddable":true,"href":"https:\/\/scaed.eu\/it\/wp-json\/wp\/v2\/users\/1"}],"replies":[{"embeddable":true,"href":"https:\/\/scaed.eu\/it\/wp-json\/wp\/v2\/comments?post=994"}],"version-history":[{"count":15,"href":"https:\/\/scaed.eu\/it\/wp-json\/wp\/v2\/pages\/994\/revisions"}],"predecessor-version":[{"id":3830,"href":"https:\/\/scaed.eu\/it\/wp-json\/wp\/v2\/pages\/994\/revisions\/3830"}],"wp:attachment":[{"href":"https:\/\/scaed.eu\/it\/wp-json\/wp\/v2\/media?parent=994"}],"curies":[{"name":"wp","href":"https:\/\/api.w.org\/{rel}","templated":true}]}}