{"id":983,"date":"2023-06-28T10:39:56","date_gmt":"2023-06-28T08:39:56","guid":{"rendered":"https:\/\/scaed.eu\/home\/"},"modified":"2023-08-01T08:07:46","modified_gmt":"2023-08-01T06:07:46","slug":"home","status":"publish","type":"page","link":"https:\/\/scaed.eu\/it\/","title":{"rendered":"home"},"content":{"rendered":"\t\t<div data-elementor-type=\"wp-page\" data-elementor-id=\"983\" class=\"elementor elementor-983 elementor-2\" data-elementor-post-type=\"page\">\n\t\t\t\t\t\t<section class=\"elementor-section elementor-top-section elementor-element elementor-element-6163642 elementor-section-height-min-height elementor-section-boxed elementor-section-height-default elementor-section-items-middle\" data-id=\"6163642\" data-element_type=\"section\" data-e-type=\"section\" data-settings=\"{&quot;background_background&quot;:&quot;classic&quot;,&quot;jet_parallax_layout_list&quot;:[]}\">\n\t\t\t\t\t\t\t<div class=\"elementor-background-overlay\"><\/div>\n\t\t\t\t\t\t\t<div class=\"elementor-container elementor-column-gap-default\">\n\t\t\t\t\t<div class=\"elementor-column elementor-col-100 elementor-top-column elementor-element elementor-element-f66a599\" data-id=\"f66a599\" data-element_type=\"column\" data-e-type=\"column\">\n\t\t\t<div class=\"elementor-widget-wrap elementor-element-populated\">\n\t\t\t\t\t\t<div class=\"elementor-element elementor-element-e3b3e0a elementor-widget elementor-widget-image\" data-id=\"e3b3e0a\" data-element_type=\"widget\" data-e-type=\"widget\" data-widget_type=\"image.default\">\n\t\t\t\t<div class=\"elementor-widget-container\">\n\t\t\t\t\t\t\t\t\t\t\t\t\t\t\t<img fetchpriority=\"high\" decoding=\"async\" width=\"800\" height=\"1103\" src=\"https:\/\/scaed.eu\/wp-content\/uploads\/2023\/07\/logo_w.png\" class=\"attachment-full size-full wp-image-215\" alt=\"\" srcset=\"https:\/\/scaed.eu\/wp-content\/uploads\/2023\/07\/logo_w.png 800w, https:\/\/scaed.eu\/wp-content\/uploads\/2023\/07\/logo_w-218x300.png 218w, https:\/\/scaed.eu\/wp-content\/uploads\/2023\/07\/logo_w-743x1024.png 743w, https:\/\/scaed.eu\/wp-content\/uploads\/2023\/07\/logo_w-768x1059.png 768w\" sizes=\"(max-width: 800px) 100vw, 800px\" \/>\t\t\t\t\t\t\t\t\t\t\t\t\t\t\t<\/div>\n\t\t\t\t<\/div>\n\t\t\t\t<div class=\"elementor-element elementor-element-72cda7d elementor-widget elementor-widget-heading\" data-id=\"72cda7d\" data-element_type=\"widget\" data-e-type=\"widget\" data-widget_type=\"heading.default\">\n\t\t\t\t<div class=\"elementor-widget-container\">\n\t\t\t\t\t<h2 class=\"elementor-heading-title elementor-size-default\">Benvenuti nel sito web di SCAED! <\/h2>\t\t\t\t<\/div>\n\t\t\t\t<\/div>\n\t\t\t\t<div class=\"elementor-element elementor-element-15e97e0 elementor-widget elementor-widget-heading\" data-id=\"15e97e0\" data-element_type=\"widget\" data-e-type=\"widget\" data-widget_type=\"heading.default\">\n\t\t\t\t<div class=\"elementor-widget-container\">\n\t\t\t\t\t<h2 class=\"elementor-heading-title elementor-size-default\">Questo innovativo progetto Erasmus+ KA2 <br><b>prevenire e combattere gli ED <\/b>tra la comunit\u00e0 sportiva\n<\/h2>\t\t\t\t<\/div>\n\t\t\t\t<\/div>\n\t\t\t\t<div class=\"elementor-element elementor-element-04b973f elementor-align-center elementor-widget elementor-widget-button\" data-id=\"04b973f\" data-element_type=\"widget\" data-e-type=\"widget\" data-widget_type=\"button.default\">\n\t\t\t\t<div class=\"elementor-widget-container\">\n\t\t\t\t\t\t\t\t\t<div class=\"elementor-button-wrapper\">\n\t\t\t\t\t<a class=\"elementor-button elementor-button-link elementor-size-sm\" href=\"#project\">\n\t\t\t\t\t\t<span class=\"elementor-button-content-wrapper\">\n\t\t\t\t\t\t\t\t\t<span class=\"elementor-button-text\">Leggi di pi\u00f9 sul progetto<\/span>\n\t\t\t\t\t<\/span>\n\t\t\t\t\t<\/a>\n\t\t\t\t<\/div>\n\t\t\t\t\t\t\t\t<\/div>\n\t\t\t\t<\/div>\n\t\t\t\t<div class=\"elementor-element elementor-element-b06db11 elementor-widget elementor-widget-image\" data-id=\"b06db11\" data-element_type=\"widget\" data-e-type=\"widget\" data-widget_type=\"image.default\">\n\t\t\t\t<div class=\"elementor-widget-container\">\n\t\t\t\t\t\t\t\t\t\t\t\t\t\t\t<img decoding=\"async\" width=\"899\" height=\"946\" src=\"https:\/\/scaed.eu\/wp-content\/uploads\/2023\/07\/EN_co_fundedvertical_RGB_WHITE.png\" class=\"attachment-full size-full wp-image-255\" alt=\"\" srcset=\"https:\/\/scaed.eu\/wp-content\/uploads\/2023\/07\/EN_co_fundedvertical_RGB_WHITE.png 899w, https:\/\/scaed.eu\/wp-content\/uploads\/2023\/07\/EN_co_fundedvertical_RGB_WHITE-285x300.png 285w, https:\/\/scaed.eu\/wp-content\/uploads\/2023\/07\/EN_co_fundedvertical_RGB_WHITE-768x808.png 768w\" sizes=\"(max-width: 899px) 100vw, 899px\" \/>\t\t\t\t\t\t\t\t\t\t\t\t\t\t\t<\/div>\n\t\t\t\t<\/div>\n\t\t\t\t\t<\/div>\n\t\t<\/div>\n\t\t\t\t\t<\/div>\n\t\t<\/section>\n\t\t\t\t<section class=\"elementor-section elementor-top-section elementor-element elementor-element-4e0f964 elementor-section-height-min-height elementor-section-boxed elementor-section-height-default elementor-section-items-middle\" data-id=\"4e0f964\" data-element_type=\"section\" data-e-type=\"section\" id=\"project\" data-settings=\"{&quot;jet_parallax_layout_list&quot;:[]}\">\n\t\t\t\t\t\t<div class=\"elementor-container elementor-column-gap-default\">\n\t\t\t\t\t<div class=\"elementor-column elementor-col-100 elementor-top-column elementor-element elementor-element-e5ace6f\" data-id=\"e5ace6f\" data-element_type=\"column\" data-e-type=\"column\">\n\t\t\t<div class=\"elementor-widget-wrap elementor-element-populated\">\n\t\t\t\t\t\t<div class=\"elementor-element elementor-element-cb21a01 elementor-widget elementor-widget-heading\" data-id=\"cb21a01\" data-element_type=\"widget\" data-e-type=\"widget\" data-widget_type=\"heading.default\">\n\t\t\t\t<div class=\"elementor-widget-container\">\n\t\t\t\t\t<h2 class=\"elementor-heading-title elementor-size-default\">SCAED \u00e8<\/h2>\t\t\t\t<\/div>\n\t\t\t\t<\/div>\n\t\t\t\t<div class=\"elementor-element elementor-element-1b26d2a elementor-widget elementor-widget-heading\" data-id=\"1b26d2a\" data-element_type=\"widget\" data-e-type=\"widget\" data-widget_type=\"heading.default\">\n\t\t\t\t<div class=\"elementor-widget-container\">\n\t\t\t\t\t<h2 class=\"elementor-heading-title elementor-size-default\">un <b>progetto Erasmus+<\/b> di 36 mesi finanziato dall'UE<\/h2>\t\t\t\t<\/div>\n\t\t\t\t<\/div>\n\t\t\t\t<div class=\"elementor-element elementor-element-fb14213 elementor-widget elementor-widget-heading\" data-id=\"fb14213\" data-element_type=\"widget\" data-e-type=\"widget\" data-widget_type=\"heading.default\">\n\t\t\t\t<div class=\"elementor-widget-container\">\n\t\t\t\t\t<h2 class=\"elementor-heading-title elementor-size-default\">iniziato a luglio 2022<\/h2>\t\t\t\t<\/div>\n\t\t\t\t<\/div>\n\t\t\t\t<section class=\"elementor-section elementor-inner-section elementor-element elementor-element-af0b9db elementor-section-boxed elementor-section-height-default elementor-section-height-default\" data-id=\"af0b9db\" data-element_type=\"section\" data-e-type=\"section\" data-settings=\"{&quot;jet_parallax_layout_list&quot;:[]}\">\n\t\t\t\t\t\t<div class=\"elementor-container elementor-column-gap-default\">\n\t\t\t\t\t<div class=\"elementor-column elementor-col-100 elementor-inner-column elementor-element elementor-element-c61c5e4\" data-id=\"c61c5e4\" data-element_type=\"column\" data-e-type=\"column\">\n\t\t\t<div class=\"elementor-widget-wrap elementor-element-populated\">\n\t\t\t\t\t\t<div class=\"elementor-element elementor-element-08b327f elementor-widget__width-auto elementor-view-default elementor-widget elementor-widget-icon\" data-id=\"08b327f\" data-element_type=\"widget\" data-e-type=\"widget\" data-widget_type=\"icon.default\">\n\t\t\t\t<div class=\"elementor-widget-container\">\n\t\t\t\t\t\t\t<div class=\"elementor-icon-wrapper\">\n\t\t\t<div class=\"elementor-icon\">\n\t\t\t<i aria-hidden=\"true\" class=\"fas fa-quote-left\"><\/i>\t\t\t<\/div>\n\t\t<\/div>\n\t\t\t\t\t\t<\/div>\n\t\t\t\t<\/div>\n\t\t\t\t<div class=\"elementor-element elementor-element-e3e5cf4 elementor-blockquote--skin-clean elementor-widget__width-auto elementor-blockquote--button-color-official elementor-widget elementor-widget-blockquote\" data-id=\"e3e5cf4\" data-element_type=\"widget\" data-e-type=\"widget\" data-widget_type=\"blockquote.default\">\n\t\t\t\t<div class=\"elementor-widget-container\">\n\t\t\t\t\t\t\t<blockquote class=\"elementor-blockquote\">\n\t\t\t<p class=\"elementor-blockquote__content\">\n\t\t\t\tHo combattuto con molti disturbi alimentari e problemi fisici da ragazza e mi ci \u00e8 voluto molto tempo per trovare l'amore per me stessa e l'accettazione! <br>\nFidati di me, tutto quel dolore e quella distruzione che mi sono inflitta non valeva la pena.\t\t\t<\/p>\n\t\t\t\t\t\t\t<div class=\"e-q-footer\">\n\t\t\t\t\t\t\t\t\t\t\t<cite class=\"elementor-blockquote__author\">Ireland Baldwin<\/cite>\n\t\t\t\t\t\t\t\t\t\t\t\t\t\t<\/div>\n\t\t\t\t\t<\/blockquote>\n\t\t\t\t\t\t<\/div>\n\t\t\t\t<\/div>\n\t\t\t\t\t<\/div>\n\t\t<\/div>\n\t\t\t\t\t<\/div>\n\t\t<\/section>\n\t\t\t\t<section class=\"elementor-section elementor-inner-section elementor-element elementor-element-7832449 elementor-section-boxed elementor-section-height-default elementor-section-height-default\" data-id=\"7832449\" data-element_type=\"section\" data-e-type=\"section\" data-settings=\"{&quot;jet_parallax_layout_list&quot;:[]}\">\n\t\t\t\t\t\t<div class=\"elementor-container elementor-column-gap-default\">\n\t\t\t\t\t<div class=\"elementor-column elementor-col-100 elementor-inner-column elementor-element elementor-element-4d1d40c\" data-id=\"4d1d40c\" data-element_type=\"column\" data-e-type=\"column\">\n\t\t\t<div class=\"elementor-widget-wrap elementor-element-populated\">\n\t\t\t\t\t\t<div class=\"elementor-element elementor-element-6d05809 elementor-widget elementor-widget-text-editor\" data-id=\"6d05809\" data-element_type=\"widget\" data-e-type=\"widget\" data-widget_type=\"text-editor.default\">\n\t\t\t\t<div class=\"elementor-widget-container\">\n\t\t\t\t\t\t\t\t\t<p>I disturbi alimentari hanno subito un aumento significativo in tutto il mondo negli ultimi decenni. Nel settore sportivo, la prevalenza di questi problemi \u00e8 eccezionalmente preoccupante, poich\u00e9 gli atleti sono pi\u00f9 inclini alla fissazione per l&#8217;aspetto fisico e le prestazioni perfette. Anche se gli atleti professionisti contano sull&#8217;aiuto di nutrizionisti e psicologi per guidarli nel loro viaggio, gli allenatori sportivi dilettantistici non hanno la formazione e le conoscenze necessarie per identificare i comportamenti a rischio e agire di conseguenza. Il team di SCAED ha notato la mancanza di risorse nel settore dello sport per fornire alla popolazione strumenti preventivi e reattivi che possano aiutare a mitigare la diffusione degli ED in tutta Europa. Ad esempio, non esiste un&#8217;entit\u00e0 transnazionale incaricata di sensibilizzare e promuovere lo scambio di buone pratiche tra le istituzioni. Il progetto \u201cThe Sport Community Against Eating Disorders\u201d, noto anche come SCAED, cerca di inserirsi in questa nicchia, in primo luogo, identificando le caratteristiche degli ED tra gli atleti europei dilettanti e, in secondo luogo, creando materiali di alta qualit\u00e0 (manuale, opuscolo e mappa delle entit\u00e0 europee) che possono essere utilizzate dalle istituzioni legate allo sport (societ\u00e0 sportive, associazioni di famiglie, istituti di formazione per allenatori, ecc.) nella lotta contro i DE. La ricerca \u00e8 stata trasformata in un rapporto che funge da base per futuri studi e progetti, mentre il manuale \u00e8 stato messo in pratica attraverso workshop introduttivi che dovrebbero, a lungo andare, aiutare gli allenatori e le famiglie degli atleti in questa materia. Come risultato della stretta collaborazione dei partner e del coinvolgimento di altre parti interessate in un evento moltiplicatore internazionale, \u00e8 stato creato un Fronte sportivo europeo contro le ED, promuovendo iniziative e attivit\u00e0 future.       <\/p>\n\t\t\t\t\t\t\t\t<\/div>\n\t\t\t\t<\/div>\n\t\t\t\t<div class=\"elementor-element elementor-element-3a058c2 elementor-align-center elementor-widget elementor-widget-button\" data-id=\"3a058c2\" data-element_type=\"widget\" data-e-type=\"widget\" data-widget_type=\"button.default\">\n\t\t\t\t<div class=\"elementor-widget-container\">\n\t\t\t\t\t\t\t\t\t<div class=\"elementor-button-wrapper\">\n\t\t\t\t\t<a class=\"elementor-button elementor-button-link elementor-size-sm\" href=\"https:\/\/scaed.eu\/it\/il-progetto\/\">\n\t\t\t\t\t\t<span class=\"elementor-button-content-wrapper\">\n\t\t\t\t\t\t<span class=\"elementor-button-icon\">\n\t\t\t\t<i aria-hidden=\"true\" class=\"fas fa-arrow-right\"><\/i>\t\t\t<\/span>\n\t\t\t\t\t\t\t\t\t<span class=\"elementor-button-text\">Obiettivi generali<\/span>\n\t\t\t\t\t<\/span>\n\t\t\t\t\t<\/a>\n\t\t\t\t<\/div>\n\t\t\t\t\t\t\t\t<\/div>\n\t\t\t\t<\/div>\n\t\t\t\t\t<\/div>\n\t\t<\/div>\n\t\t\t\t\t<\/div>\n\t\t<\/section>\n\t\t\t\t<section class=\"elementor-section elementor-inner-section elementor-element elementor-element-3e26ea8 elementor-section-boxed elementor-section-height-default elementor-section-height-default\" data-id=\"3e26ea8\" data-element_type=\"section\" data-e-type=\"section\" data-settings=\"{&quot;jet_parallax_layout_list&quot;:[]}\">\n\t\t\t\t\t\t<div class=\"elementor-container elementor-column-gap-default\">\n\t\t\t\t\t<div class=\"elementor-column elementor-col-100 elementor-inner-column elementor-element elementor-element-096e51b\" data-id=\"096e51b\" data-element_type=\"column\" data-e-type=\"column\">\n\t\t\t<div class=\"elementor-widget-wrap elementor-element-populated\">\n\t\t\t\t\t\t<div class=\"elementor-element elementor-element-f1585c9 elementor-widget-divider--view-line_text elementor-widget-divider--separator-type-pattern elementor-widget-divider--element-align-center elementor-widget elementor-widget-divider\" data-id=\"f1585c9\" data-element_type=\"widget\" data-e-type=\"widget\" data-widget_type=\"divider.default\">\n\t\t\t\t<div class=\"elementor-widget-container\">\n\t\t\t\t\t\t\t<div class=\"elementor-divider\" style=\"--divider-pattern-url: url(&quot;data:image\/svg+xml,%3Csvg xmlns=&#039;http:\/\/www.w3.org\/2000\/svg&#039; preserveAspectRatio=&#039;none&#039; overflow=&#039;visible&#039; height=&#039;100%&#039; viewBox=&#039;0 0 24 24&#039; fill=&#039;black&#039; stroke=&#039;none&#039;%3E%3Cpolygon points=&#039;9.4,2 24,2 14.6,21.6 0,21.6&#039;\/%3E%3C\/svg%3E&quot;);\">\n\t\t\t<span class=\"elementor-divider-separator\">\n\t\t\t\t\t\t\t<span class=\"elementor-divider__text elementor-divider__element\">\n\t\t\t\tPARTNER\t\t\t\t<\/span>\n\t\t\t\t\t\t<\/span>\n\t\t<\/div>\n\t\t\t\t\t\t<\/div>\n\t\t\t\t<\/div>\n\t\t\t\t<div class=\"elementor-element elementor-element-087de79 elementor-widget elementor-widget-image-carousel\" data-id=\"087de79\" data-element_type=\"widget\" data-e-type=\"widget\" data-settings=\"{&quot;slides_to_show&quot;:&quot;6&quot;,&quot;navigation&quot;:&quot;none&quot;,&quot;slides_to_show_mobile&quot;:&quot;2&quot;,&quot;autoplay&quot;:&quot;yes&quot;,&quot;pause_on_hover&quot;:&quot;yes&quot;,&quot;pause_on_interaction&quot;:&quot;yes&quot;,&quot;autoplay_speed&quot;:5000,&quot;infinite&quot;:&quot;yes&quot;,&quot;speed&quot;:500}\" data-widget_type=\"image-carousel.default\">\n\t\t\t\t<div class=\"elementor-widget-container\">\n\t\t\t\t\t            <div class=\"elementor-image-carousel-wrapper swiper\" role=\"region\" aria-roledescription=\"carousel\" aria-label=\"Carosello d&#039;immagini\" dir=\"ltr\">\n                <div class=\"elementor-image-carousel swiper-wrapper\" aria-live=\"off\">\n\t\t\t\t\t\t\t\t\t\t<div class=\"swiper-slide\"><a data-elementor-open-lightbox=\"yes\" data-elementor-lightbox-slideshow=\"087de79\" data-elementor-lightbox-title=\"logo-ORMA\" data-e-action-hash=\"#elementor-action%3Aaction%3Dlightbox%26settings%3DeyJpZCI6MjI1LCJ1cmwiOiJodHRwczpcL1wvc2NhZWQuZXVcL3dwLWNvbnRlbnRcL3VwbG9hZHNcLzIwMjNcLzA3XC9sb2dvLU9STUEucG5nIiwic2xpZGVzaG93IjoiMDg3ZGU3OSJ9\" href=\"https:\/\/scaed.eu\/wp-content\/uploads\/2023\/07\/logo-ORMA.png\"><figure class=\"swiper-slide-inner\"><img decoding=\"async\" class=\"swiper-slide-image\" src=\"https:\/\/scaed.eu\/wp-content\/uploads\/2023\/07\/logo-ORMA.png\" alt=\"logo-ORMA\" \/><\/figure><\/a><\/div><div class=\"swiper-slide\"><a data-elementor-open-lightbox=\"yes\" data-elementor-lightbox-slideshow=\"087de79\" data-elementor-lightbox-title=\"logo-BSDA_2\" data-e-action-hash=\"#elementor-action%3Aaction%3Dlightbox%26settings%3DeyJpZCI6MjYwLCJ1cmwiOiJodHRwczpcL1wvc2NhZWQuZXVcL3dwLWNvbnRlbnRcL3VwbG9hZHNcLzIwMjNcLzA3XC9sb2dvLUJTREFfMi5wbmciLCJzbGlkZXNob3ciOiIwODdkZTc5In0%3D\" href=\"https:\/\/scaed.eu\/wp-content\/uploads\/2023\/07\/logo-BSDA_2.png\"><figure class=\"swiper-slide-inner\"><img decoding=\"async\" class=\"swiper-slide-image\" src=\"https:\/\/scaed.eu\/wp-content\/uploads\/2023\/07\/logo-BSDA_2.png\" alt=\"logo-BSDA_2\" \/><\/figure><\/a><\/div><div class=\"swiper-slide\"><a data-elementor-open-lightbox=\"yes\" data-elementor-lightbox-slideshow=\"087de79\" data-elementor-lightbox-title=\"logo-EILD\" data-e-action-hash=\"#elementor-action%3Aaction%3Dlightbox%26settings%3DeyJpZCI6MjM1LCJ1cmwiOiJodHRwczpcL1wvc2NhZWQuZXVcL3dwLWNvbnRlbnRcL3VwbG9hZHNcLzIwMjNcLzA3XC9sb2dvLUVJTEQucG5nIiwic2xpZGVzaG93IjoiMDg3ZGU3OSJ9\" href=\"https:\/\/scaed.eu\/wp-content\/uploads\/2023\/07\/logo-EILD.png\"><figure class=\"swiper-slide-inner\"><img decoding=\"async\" class=\"swiper-slide-image\" src=\"https:\/\/scaed.eu\/wp-content\/uploads\/2023\/07\/logo-EILD.png\" alt=\"logo-EILD\" \/><\/figure><\/a><\/div><div class=\"swiper-slide\"><a data-elementor-open-lightbox=\"yes\" data-elementor-lightbox-slideshow=\"087de79\" data-elementor-lightbox-title=\"logo-KARATE KLUB METALURG\" data-e-action-hash=\"#elementor-action%3Aaction%3Dlightbox%26settings%3DeyJpZCI6MjUwLCJ1cmwiOiJodHRwczpcL1wvc2NhZWQuZXVcL3dwLWNvbnRlbnRcL3VwbG9hZHNcLzIwMjNcLzA3XC9sb2dvLUtBUkFURS1LTFVCLU1FVEFMVVJHLnBuZyIsInNsaWRlc2hvdyI6IjA4N2RlNzkifQ%3D%3D\" href=\"https:\/\/scaed.eu\/wp-content\/uploads\/2023\/07\/logo-KARATE-KLUB-METALURG.png\"><figure class=\"swiper-slide-inner\"><img decoding=\"async\" class=\"swiper-slide-image\" src=\"https:\/\/scaed.eu\/wp-content\/uploads\/2023\/07\/logo-KARATE-KLUB-METALURG.png\" alt=\"logo-KARATE KLUB METALURG\" \/><\/figure><\/a><\/div><div class=\"swiper-slide\"><a data-elementor-open-lightbox=\"yes\" data-elementor-lightbox-slideshow=\"087de79\" data-elementor-lightbox-title=\"logo-INSTITUTE OF PUBLIC HEALTH\" data-e-action-hash=\"#elementor-action%3Aaction%3Dlightbox%26settings%3DeyJpZCI6MjQwLCJ1cmwiOiJodHRwczpcL1wvc2NhZWQuZXVcL3dwLWNvbnRlbnRcL3VwbG9hZHNcLzIwMjNcLzA3XC9sb2dvLUlOU1RJVFVURS1PRi1QVUJMSUMtSEVBTFRILnBuZyIsInNsaWRlc2hvdyI6IjA4N2RlNzkifQ%3D%3D\" href=\"https:\/\/scaed.eu\/wp-content\/uploads\/2023\/07\/logo-INSTITUTE-OF-PUBLIC-HEALTH.png\"><figure class=\"swiper-slide-inner\"><img decoding=\"async\" class=\"swiper-slide-image\" src=\"https:\/\/scaed.eu\/wp-content\/uploads\/2023\/07\/logo-INSTITUTE-OF-PUBLIC-HEALTH.png\" alt=\"logo-INSTITUTE OF PUBLIC HEALTH\" \/><\/figure><\/a><\/div><div class=\"swiper-slide\"><a data-elementor-open-lightbox=\"yes\" data-elementor-lightbox-slideshow=\"087de79\" data-elementor-lightbox-title=\"logo-SPORT CHAMPIONSHIP SCHOOL Jastrze\u0328bski Wegiel_2\" data-e-action-hash=\"#elementor-action%3Aaction%3Dlightbox%26settings%3DeyJpZCI6MjY1LCJ1cmwiOiJodHRwczpcL1wvc2NhZWQuZXVcL3dwLWNvbnRlbnRcL3VwbG9hZHNcLzIwMjNcLzA3XC9sb2dvLVNQT1JULUNIQU1QSU9OU0hJUC1TQ0hPT0wtSmFzdHJ6ZVx1MDMyOGJza2ktV2VnaWVsXzIucG5nIiwic2xpZGVzaG93IjoiMDg3ZGU3OSJ9\" href=\"https:\/\/scaed.eu\/wp-content\/uploads\/2023\/07\/logo-SPORT-CHAMPIONSHIP-SCHOOL-Jastrze\u0328bski-Wegiel_2.png\"><figure class=\"swiper-slide-inner\"><img decoding=\"async\" class=\"swiper-slide-image\" src=\"https:\/\/scaed.eu\/wp-content\/uploads\/2023\/07\/logo-SPORT-CHAMPIONSHIP-SCHOOL-Jastrze\u0328bski-Wegiel_2.png\" alt=\"logo-SPORT CHAMPIONSHIP SCHOOL Jastrze\u0328bski Wegiel_2\" \/><\/figure><\/a><\/div>                <\/div>\n\t\t\t\t\t\t\t\t\t\t\t\t\t\t\t\t\t\t            <\/div>\n\t\t\t\t\t\t\t<\/div>\n\t\t\t\t<\/div>\n\t\t\t\t\t<\/div>\n\t\t<\/div>\n\t\t\t\t\t<\/div>\n\t\t<\/section>\n\t\t\t\t\t<\/div>\n\t\t<\/div>\n\t\t\t\t\t<\/div>\n\t\t<\/section>\n\t\t\t\t<\/div>\n\t\t","protected":false},"excerpt":{"rendered":"<p>Benvenuti nel sito web di SCAED! Questo innovativo progetto Erasmus+ KA2 prevenire e combattere gli ED tra la comunit\u00e0 sportiva Leggi di pi\u00f9 sul progetto SCAED \u00e8 un progetto Erasmus+ di 36 mesi finanziato dall&#8217;UE iniziato a luglio 2022 Ho combattuto con molti disturbi alimentari e problemi fisici da ragazza e mi ci \u00e8 voluto [&hellip;]<\/p>\n","protected":false},"author":1,"featured_media":0,"parent":0,"menu_order":0,"comment_status":"closed","ping_status":"closed","template":"","meta":{"footnotes":""},"class_list":["post-983","page","type-page","status-publish","hentry"],"_links":{"self":[{"href":"https:\/\/scaed.eu\/it\/wp-json\/wp\/v2\/pages\/983","targetHints":{"allow":["GET"]}}],"collection":[{"href":"https:\/\/scaed.eu\/it\/wp-json\/wp\/v2\/pages"}],"about":[{"href":"https:\/\/scaed.eu\/it\/wp-json\/wp\/v2\/types\/page"}],"author":[{"embeddable":true,"href":"https:\/\/scaed.eu\/it\/wp-json\/wp\/v2\/users\/1"}],"replies":[{"embeddable":true,"href":"https:\/\/scaed.eu\/it\/wp-json\/wp\/v2\/comments?post=983"}],"version-history":[{"count":7,"href":"https:\/\/scaed.eu\/it\/wp-json\/wp\/v2\/pages\/983\/revisions"}],"predecessor-version":[{"id":1319,"href":"https:\/\/scaed.eu\/it\/wp-json\/wp\/v2\/pages\/983\/revisions\/1319"}],"wp:attachment":[{"href":"https:\/\/scaed.eu\/it\/wp-json\/wp\/v2\/media?parent=983"}],"curies":[{"name":"wp","href":"https:\/\/api.w.org\/{rel}","templated":true}]}}