{"id":1658,"date":"2023-06-28T10:39:56","date_gmt":"2023-06-28T08:39:56","guid":{"rendered":"https:\/\/scaed.eu\/home\/"},"modified":"2023-08-01T14:27:34","modified_gmt":"2023-08-01T12:27:34","slug":"home","status":"publish","type":"page","link":"https:\/\/scaed.eu\/hr\/","title":{"rendered":"home"},"content":{"rendered":"\t\t<div data-elementor-type=\"wp-page\" data-elementor-id=\"1658\" class=\"elementor elementor-1658 elementor-2\" data-elementor-post-type=\"page\">\n\t\t\t\t\t\t<section class=\"elementor-section elementor-top-section elementor-element elementor-element-6163642 elementor-section-height-min-height elementor-section-boxed elementor-section-height-default elementor-section-items-middle\" data-id=\"6163642\" data-element_type=\"section\" data-e-type=\"section\" data-settings=\"{&quot;background_background&quot;:&quot;classic&quot;,&quot;jet_parallax_layout_list&quot;:[]}\">\n\t\t\t\t\t\t\t<div class=\"elementor-background-overlay\"><\/div>\n\t\t\t\t\t\t\t<div class=\"elementor-container elementor-column-gap-default\">\n\t\t\t\t\t<div class=\"elementor-column elementor-col-100 elementor-top-column elementor-element elementor-element-f66a599\" data-id=\"f66a599\" data-element_type=\"column\" data-e-type=\"column\">\n\t\t\t<div class=\"elementor-widget-wrap elementor-element-populated\">\n\t\t\t\t\t\t<div class=\"elementor-element elementor-element-e3b3e0a elementor-widget elementor-widget-image\" data-id=\"e3b3e0a\" data-element_type=\"widget\" data-e-type=\"widget\" data-widget_type=\"image.default\">\n\t\t\t\t<div class=\"elementor-widget-container\">\n\t\t\t\t\t\t\t\t\t\t\t\t\t\t\t<img fetchpriority=\"high\" decoding=\"async\" width=\"800\" height=\"1103\" src=\"https:\/\/scaed.eu\/wp-content\/uploads\/2023\/07\/logo_w.png\" class=\"attachment-full size-full wp-image-213\" alt=\"\" srcset=\"https:\/\/scaed.eu\/wp-content\/uploads\/2023\/07\/logo_w.png 800w, https:\/\/scaed.eu\/wp-content\/uploads\/2023\/07\/logo_w-218x300.png 218w, https:\/\/scaed.eu\/wp-content\/uploads\/2023\/07\/logo_w-743x1024.png 743w, https:\/\/scaed.eu\/wp-content\/uploads\/2023\/07\/logo_w-768x1059.png 768w\" sizes=\"(max-width: 800px) 100vw, 800px\" \/>\t\t\t\t\t\t\t\t\t\t\t\t\t\t\t<\/div>\n\t\t\t\t<\/div>\n\t\t\t\t<div class=\"elementor-element elementor-element-72cda7d elementor-widget elementor-widget-heading\" data-id=\"72cda7d\" data-element_type=\"widget\" data-e-type=\"widget\" data-widget_type=\"heading.default\">\n\t\t\t\t<div class=\"elementor-widget-container\">\n\t\t\t\t\t<h2 class=\"elementor-heading-title elementor-size-default\">Dobrodo\u0161li na SCAED web stranicu! <\/h2>\t\t\t\t<\/div>\n\t\t\t\t<\/div>\n\t\t\t\t<div class=\"elementor-element elementor-element-15e97e0 elementor-widget elementor-widget-heading\" data-id=\"15e97e0\" data-element_type=\"widget\" data-e-type=\"widget\" data-widget_type=\"heading.default\">\n\t\t\t\t<div class=\"elementor-widget-container\">\n\t\t\t\t\t<h2 class=\"elementor-heading-title elementor-size-default\">Ovaj inovativni Erasmus + KA2 projekt <br><b>sprje\u010dava i bori se s poreme\u0107ajima u prehrani <\/b>u sportskoj zajednici\n<\/h2>\t\t\t\t<\/div>\n\t\t\t\t<\/div>\n\t\t\t\t<div class=\"elementor-element elementor-element-04b973f elementor-align-center elementor-widget elementor-widget-button\" data-id=\"04b973f\" data-element_type=\"widget\" data-e-type=\"widget\" data-widget_type=\"button.default\">\n\t\t\t\t<div class=\"elementor-widget-container\">\n\t\t\t\t\t\t\t\t\t<div class=\"elementor-button-wrapper\">\n\t\t\t\t\t<a class=\"elementor-button elementor-button-link elementor-size-sm\" href=\"#project\">\n\t\t\t\t\t\t<span class=\"elementor-button-content-wrapper\">\n\t\t\t\t\t\t\t\t\t<span class=\"elementor-button-text\">Pro\u010ditajte vi\u0161e o projektu<\/span>\n\t\t\t\t\t<\/span>\n\t\t\t\t\t<\/a>\n\t\t\t\t<\/div>\n\t\t\t\t\t\t\t\t<\/div>\n\t\t\t\t<\/div>\n\t\t\t\t<div class=\"elementor-element elementor-element-b06db11 elementor-widget elementor-widget-image\" data-id=\"b06db11\" data-element_type=\"widget\" data-e-type=\"widget\" data-widget_type=\"image.default\">\n\t\t\t\t<div class=\"elementor-widget-container\">\n\t\t\t\t\t\t\t\t\t\t\t\t\t\t\t<img decoding=\"async\" width=\"899\" height=\"946\" src=\"https:\/\/scaed.eu\/wp-content\/uploads\/2023\/07\/EN_co_fundedvertical_RGB_WHITE.png\" class=\"attachment-full size-full wp-image-253\" alt=\"\" srcset=\"https:\/\/scaed.eu\/wp-content\/uploads\/2023\/07\/EN_co_fundedvertical_RGB_WHITE.png 899w, https:\/\/scaed.eu\/wp-content\/uploads\/2023\/07\/EN_co_fundedvertical_RGB_WHITE-285x300.png 285w, https:\/\/scaed.eu\/wp-content\/uploads\/2023\/07\/EN_co_fundedvertical_RGB_WHITE-768x808.png 768w\" sizes=\"(max-width: 899px) 100vw, 899px\" \/>\t\t\t\t\t\t\t\t\t\t\t\t\t\t\t<\/div>\n\t\t\t\t<\/div>\n\t\t\t\t\t<\/div>\n\t\t<\/div>\n\t\t\t\t\t<\/div>\n\t\t<\/section>\n\t\t\t\t<section class=\"elementor-section elementor-top-section elementor-element elementor-element-4e0f964 elementor-section-height-min-height elementor-section-boxed elementor-section-height-default elementor-section-items-middle\" data-id=\"4e0f964\" data-element_type=\"section\" data-e-type=\"section\" id=\"project\" data-settings=\"{&quot;jet_parallax_layout_list&quot;:[]}\">\n\t\t\t\t\t\t<div class=\"elementor-container elementor-column-gap-default\">\n\t\t\t\t\t<div class=\"elementor-column elementor-col-100 elementor-top-column elementor-element elementor-element-e5ace6f\" data-id=\"e5ace6f\" data-element_type=\"column\" data-e-type=\"column\">\n\t\t\t<div class=\"elementor-widget-wrap elementor-element-populated\">\n\t\t\t\t\t\t<div class=\"elementor-element elementor-element-cb21a01 elementor-widget elementor-widget-heading\" data-id=\"cb21a01\" data-element_type=\"widget\" data-e-type=\"widget\" data-widget_type=\"heading.default\">\n\t\t\t\t<div class=\"elementor-widget-container\">\n\t\t\t\t\t<h2 class=\"elementor-heading-title elementor-size-default\">SCAED je<\/h2>\t\t\t\t<\/div>\n\t\t\t\t<\/div>\n\t\t\t\t<div class=\"elementor-element elementor-element-1b26d2a elementor-widget elementor-widget-heading\" data-id=\"1b26d2a\" data-element_type=\"widget\" data-e-type=\"widget\" data-widget_type=\"heading.default\">\n\t\t\t\t<div class=\"elementor-widget-container\">\n\t\t\t\t\t<h2 class=\"elementor-heading-title elementor-size-default\">Erasmus+ projekt financiran od EU <b>koji traje 36 mjeseci,<\/b><\/h2>\t\t\t\t<\/div>\n\t\t\t\t<\/div>\n\t\t\t\t<div class=\"elementor-element elementor-element-fb14213 elementor-widget elementor-widget-heading\" data-id=\"fb14213\" data-element_type=\"widget\" data-e-type=\"widget\" data-widget_type=\"heading.default\">\n\t\t\t\t<div class=\"elementor-widget-container\">\n\t\t\t\t\t<h2 class=\"elementor-heading-title elementor-size-default\">po\u010dev\u0161i od srpnja 2022<\/h2>\t\t\t\t<\/div>\n\t\t\t\t<\/div>\n\t\t\t\t<section class=\"elementor-section elementor-inner-section elementor-element elementor-element-af0b9db elementor-section-boxed elementor-section-height-default elementor-section-height-default\" data-id=\"af0b9db\" data-element_type=\"section\" data-e-type=\"section\" data-settings=\"{&quot;jet_parallax_layout_list&quot;:[]}\">\n\t\t\t\t\t\t<div class=\"elementor-container elementor-column-gap-default\">\n\t\t\t\t\t<div class=\"elementor-column elementor-col-100 elementor-inner-column elementor-element elementor-element-c61c5e4\" data-id=\"c61c5e4\" data-element_type=\"column\" data-e-type=\"column\">\n\t\t\t<div class=\"elementor-widget-wrap elementor-element-populated\">\n\t\t\t\t\t\t<div class=\"elementor-element elementor-element-08b327f elementor-widget__width-auto elementor-view-default elementor-widget elementor-widget-icon\" data-id=\"08b327f\" data-element_type=\"widget\" data-e-type=\"widget\" data-widget_type=\"icon.default\">\n\t\t\t\t<div class=\"elementor-widget-container\">\n\t\t\t\t\t\t\t<div class=\"elementor-icon-wrapper\">\n\t\t\t<div class=\"elementor-icon\">\n\t\t\t<i aria-hidden=\"true\" class=\"fas fa-quote-left\"><\/i>\t\t\t<\/div>\n\t\t<\/div>\n\t\t\t\t\t\t<\/div>\n\t\t\t\t<\/div>\n\t\t\t\t<div class=\"elementor-element elementor-element-e3e5cf4 elementor-blockquote--skin-clean elementor-widget__width-auto elementor-blockquote--button-color-official elementor-widget elementor-widget-blockquote\" data-id=\"e3e5cf4\" data-element_type=\"widget\" data-e-type=\"widget\" data-widget_type=\"blockquote.default\">\n\t\t\t\t<div class=\"elementor-widget-container\">\n\t\t\t\t\t\t\t<blockquote class=\"elementor-blockquote\">\n\t\t\t<p class=\"elementor-blockquote__content\">\n\t\t\t\t\"Kao mlada djevojka borila sam se s raznim poreme\u0107ajima u prehrani i problemima sa izgledom tijela, trebalo mi je dugo vremena da prona\u0111em ljubav prema sebi i prihva\u0107anje! <br>\n\"Vjerujte mi, sva ta bol i destrukcija koje sam sebi nanijela nije vrijedila toga.\"\t\t\t<\/p>\n\t\t\t\t\t\t\t<div class=\"e-q-footer\">\n\t\t\t\t\t\t\t\t\t\t\t<cite class=\"elementor-blockquote__author\">Ireland Baldwin<\/cite>\n\t\t\t\t\t\t\t\t\t\t\t\t\t\t<\/div>\n\t\t\t\t\t<\/blockquote>\n\t\t\t\t\t\t<\/div>\n\t\t\t\t<\/div>\n\t\t\t\t\t<\/div>\n\t\t<\/div>\n\t\t\t\t\t<\/div>\n\t\t<\/section>\n\t\t\t\t<section class=\"elementor-section elementor-inner-section elementor-element elementor-element-7832449 elementor-section-boxed elementor-section-height-default elementor-section-height-default\" data-id=\"7832449\" data-element_type=\"section\" data-e-type=\"section\" data-settings=\"{&quot;jet_parallax_layout_list&quot;:[]}\">\n\t\t\t\t\t\t<div class=\"elementor-container elementor-column-gap-default\">\n\t\t\t\t\t<div class=\"elementor-column elementor-col-100 elementor-inner-column elementor-element elementor-element-4d1d40c\" data-id=\"4d1d40c\" data-element_type=\"column\" data-e-type=\"column\">\n\t\t\t<div class=\"elementor-widget-wrap elementor-element-populated\">\n\t\t\t\t\t\t<div class=\"elementor-element elementor-element-6d05809 elementor-widget elementor-widget-text-editor\" data-id=\"6d05809\" data-element_type=\"widget\" data-e-type=\"widget\" data-widget_type=\"text-editor.default\">\n\t\t\t\t<div class=\"elementor-widget-container\">\n\t\t\t\t\t\t\t\t\t<p>Zastupljenost poreme\u0107aja u prehrani zna\u010dajno je porasla diljem svijeta tijekom posljednjih desetlje\u0107a. U sportskoj zajednici je zastupljenost ovog problema iznimno zabrinjavaju\u0107a, budu\u0107i da su sporta\u0161i skloniji usredoto\u010denosti za savr\u0161en tjelesni izgled i izvedbu. Iako profesionalni sporta\u0161i ra\u010dunaju na pomo\u0107 nutricionista i psihologa koji \u0107e ih voditi na njihovom putu, sportski treneri amatera sporta\u0161a nemaju potrebno obrazovanje i znanje za prepoznavanje rizi\u010dnih pona\u0161anja i djelovanje na njih. SCAED-ov tim primijetio je nedostatak resursa u sportskom sektoru putem kojih bi se sportskoj zajednici pru\u017eili preventivni i reaktivni alati koji mogu pomo\u0107i u ubla\u017eavanju \u0161irenja poreme\u0107aja prehrane diljem Europe. Na primjer, ne postoji transnacionalni subjekt zadu\u017een za podizanje svijesti i razmjenu u\u010dinkovitih praksi me\u0111u institucijama. Projekt &#8220;&#8221;Sportska zajednica protiv poreme\u0107aja prehrane&#8221;&#8221;, tako\u0111er poznat kao SCAED, poku\u0161ava se umetnuti u ovu ni\u0161u, prvo, identificiranjem karakteristika poreme\u0107aja prehrane me\u0111u europskim amaterskim sporta\u0161ima, drugo, kreiranjem visokokvalitetnih materijala (Priru\u010dnik i Karta europskih subjekata) koje mogu koristiti institucije povezane sa sportom (sportski klubovi, udruge obitelji, ustanove za edukaciju trenera itd.) u borbi protiv poreme\u0107aja u prehrani. Istra\u017eivanje je pretvoreno u izvje\u0161\u0107e koje slu\u017ei kao osnova budu\u0107ih istra\u017eivanja i projekata, dok je priru\u010dnik uveden u prakti\u010dnu primjenu kroz uvodne radionice koje bi dugoro\u010dno trebale pomo\u0107i trenerima i obiteljima sporta\u0161a u borbi s ovim poreme\u0107ajima. Kao rezultat bliske suradnje partnera i uklju\u010denosti drugih zainteresiranih sudionika u ovaj me\u0111unarodni projekt, stvoren je Europski sportski front protiv poreme\u0107aja u prehrani, s ciljem poticanja budu\u0107ih inicijativa i aktivnosti.       <\/p>\n\t\t\t\t\t\t\t\t<\/div>\n\t\t\t\t<\/div>\n\t\t\t\t<div class=\"elementor-element elementor-element-3a058c2 elementor-align-center elementor-widget elementor-widget-button\" data-id=\"3a058c2\" data-element_type=\"widget\" data-e-type=\"widget\" data-widget_type=\"button.default\">\n\t\t\t\t<div class=\"elementor-widget-container\">\n\t\t\t\t\t\t\t\t\t<div class=\"elementor-button-wrapper\">\n\t\t\t\t\t<a class=\"elementor-button elementor-button-link elementor-size-sm\" href=\"https:\/\/scaed.eu\/hr\/projekt\/\">\n\t\t\t\t\t\t<span class=\"elementor-button-content-wrapper\">\n\t\t\t\t\t\t<span class=\"elementor-button-icon\">\n\t\t\t\t<i aria-hidden=\"true\" class=\"fas fa-arrow-right\"><\/i>\t\t\t<\/span>\n\t\t\t\t\t\t\t\t\t<span class=\"elementor-button-text\">Op\u0107i ciljevi<\/span>\n\t\t\t\t\t<\/span>\n\t\t\t\t\t<\/a>\n\t\t\t\t<\/div>\n\t\t\t\t\t\t\t\t<\/div>\n\t\t\t\t<\/div>\n\t\t\t\t\t<\/div>\n\t\t<\/div>\n\t\t\t\t\t<\/div>\n\t\t<\/section>\n\t\t\t\t<section class=\"elementor-section elementor-inner-section elementor-element elementor-element-3e26ea8 elementor-section-boxed elementor-section-height-default elementor-section-height-default\" data-id=\"3e26ea8\" data-element_type=\"section\" data-e-type=\"section\" data-settings=\"{&quot;jet_parallax_layout_list&quot;:[]}\">\n\t\t\t\t\t\t<div class=\"elementor-container elementor-column-gap-default\">\n\t\t\t\t\t<div class=\"elementor-column elementor-col-100 elementor-inner-column elementor-element elementor-element-096e51b\" data-id=\"096e51b\" data-element_type=\"column\" data-e-type=\"column\">\n\t\t\t<div class=\"elementor-widget-wrap elementor-element-populated\">\n\t\t\t\t\t\t<div class=\"elementor-element elementor-element-f1585c9 elementor-widget-divider--view-line_text elementor-widget-divider--separator-type-pattern elementor-widget-divider--element-align-center elementor-widget elementor-widget-divider\" data-id=\"f1585c9\" data-element_type=\"widget\" data-e-type=\"widget\" data-widget_type=\"divider.default\">\n\t\t\t\t<div class=\"elementor-widget-container\">\n\t\t\t\t\t\t\t<div class=\"elementor-divider\" style=\"--divider-pattern-url: url(&quot;data:image\/svg+xml,%3Csvg xmlns=&#039;http:\/\/www.w3.org\/2000\/svg&#039; preserveAspectRatio=&#039;none&#039; overflow=&#039;visible&#039; height=&#039;100%&#039; viewBox=&#039;0 0 24 24&#039; fill=&#039;black&#039; stroke=&#039;none&#039;%3E%3Cpolygon points=&#039;9.4,2 24,2 14.6,21.6 0,21.6&#039;\/%3E%3C\/svg%3E&quot;);\">\n\t\t\t<span class=\"elementor-divider-separator\">\n\t\t\t\t\t\t\t<span class=\"elementor-divider__text elementor-divider__element\">\n\t\t\t\tPARTNER\t\t\t\t<\/span>\n\t\t\t\t\t\t<\/span>\n\t\t<\/div>\n\t\t\t\t\t\t<\/div>\n\t\t\t\t<\/div>\n\t\t\t\t<div class=\"elementor-element elementor-element-087de79 elementor-widget elementor-widget-image-carousel\" data-id=\"087de79\" data-element_type=\"widget\" data-e-type=\"widget\" data-settings=\"{&quot;slides_to_show&quot;:&quot;6&quot;,&quot;navigation&quot;:&quot;none&quot;,&quot;slides_to_show_mobile&quot;:&quot;2&quot;,&quot;autoplay&quot;:&quot;yes&quot;,&quot;pause_on_hover&quot;:&quot;yes&quot;,&quot;pause_on_interaction&quot;:&quot;yes&quot;,&quot;autoplay_speed&quot;:5000,&quot;infinite&quot;:&quot;yes&quot;,&quot;speed&quot;:500}\" data-widget_type=\"image-carousel.default\">\n\t\t\t\t<div class=\"elementor-widget-container\">\n\t\t\t\t\t            <div class=\"elementor-image-carousel-wrapper swiper\" role=\"region\" aria-roledescription=\"carousel\" aria-label=\"Vrtuljak slika\" dir=\"ltr\">\n                <div class=\"elementor-image-carousel swiper-wrapper\" aria-live=\"off\">\n\t\t\t\t\t\t\t\t\t\t<div class=\"swiper-slide\"><a data-elementor-open-lightbox=\"yes\" data-elementor-lightbox-slideshow=\"087de79\" data-elementor-lightbox-title=\"logo-ORMA\" data-e-action-hash=\"#elementor-action%3Aaction%3Dlightbox%26settings%3DeyJpZCI6MjIzLCJ1cmwiOiJodHRwczpcL1wvc2NhZWQuZXVcL3dwLWNvbnRlbnRcL3VwbG9hZHNcLzIwMjNcLzA3XC9sb2dvLU9STUEucG5nIiwic2xpZGVzaG93IjoiMDg3ZGU3OSJ9\" href=\"https:\/\/scaed.eu\/wp-content\/uploads\/2023\/07\/logo-ORMA.png\"><figure class=\"swiper-slide-inner\"><img decoding=\"async\" class=\"swiper-slide-image\" src=\"https:\/\/scaed.eu\/wp-content\/uploads\/2023\/07\/logo-ORMA.png\" alt=\"logo-ORMA\" \/><\/figure><\/a><\/div><div class=\"swiper-slide\"><a data-elementor-open-lightbox=\"yes\" data-elementor-lightbox-slideshow=\"087de79\" data-elementor-lightbox-title=\"logo-BSDA_2\" data-e-action-hash=\"#elementor-action%3Aaction%3Dlightbox%26settings%3DeyJpZCI6MjU4LCJ1cmwiOiJodHRwczpcL1wvc2NhZWQuZXVcL3dwLWNvbnRlbnRcL3VwbG9hZHNcLzIwMjNcLzA3XC9sb2dvLUJTREFfMi5wbmciLCJzbGlkZXNob3ciOiIwODdkZTc5In0%3D\" href=\"https:\/\/scaed.eu\/wp-content\/uploads\/2023\/07\/logo-BSDA_2.png\"><figure class=\"swiper-slide-inner\"><img decoding=\"async\" class=\"swiper-slide-image\" src=\"https:\/\/scaed.eu\/wp-content\/uploads\/2023\/07\/logo-BSDA_2.png\" alt=\"logo-BSDA_2\" \/><\/figure><\/a><\/div><div class=\"swiper-slide\"><a data-elementor-open-lightbox=\"yes\" data-elementor-lightbox-slideshow=\"087de79\" data-elementor-lightbox-title=\"logo-EILD\" data-e-action-hash=\"#elementor-action%3Aaction%3Dlightbox%26settings%3DeyJpZCI6MjMzLCJ1cmwiOiJodHRwczpcL1wvc2NhZWQuZXVcL3dwLWNvbnRlbnRcL3VwbG9hZHNcLzIwMjNcLzA3XC9sb2dvLUVJTEQucG5nIiwic2xpZGVzaG93IjoiMDg3ZGU3OSJ9\" href=\"https:\/\/scaed.eu\/wp-content\/uploads\/2023\/07\/logo-EILD.png\"><figure class=\"swiper-slide-inner\"><img decoding=\"async\" class=\"swiper-slide-image\" src=\"https:\/\/scaed.eu\/wp-content\/uploads\/2023\/07\/logo-EILD.png\" alt=\"logo-EILD\" \/><\/figure><\/a><\/div><div class=\"swiper-slide\"><a data-elementor-open-lightbox=\"yes\" data-elementor-lightbox-slideshow=\"087de79\" data-elementor-lightbox-title=\"logo-KARATE KLUB METALURG\" data-e-action-hash=\"#elementor-action%3Aaction%3Dlightbox%26settings%3DeyJpZCI6MjQ4LCJ1cmwiOiJodHRwczpcL1wvc2NhZWQuZXVcL3dwLWNvbnRlbnRcL3VwbG9hZHNcLzIwMjNcLzA3XC9sb2dvLUtBUkFURS1LTFVCLU1FVEFMVVJHLnBuZyIsInNsaWRlc2hvdyI6IjA4N2RlNzkifQ%3D%3D\" href=\"https:\/\/scaed.eu\/wp-content\/uploads\/2023\/07\/logo-KARATE-KLUB-METALURG.png\"><figure class=\"swiper-slide-inner\"><img decoding=\"async\" class=\"swiper-slide-image\" src=\"https:\/\/scaed.eu\/wp-content\/uploads\/2023\/07\/logo-KARATE-KLUB-METALURG.png\" alt=\"logo-KARATE KLUB METALURG\" \/><\/figure><\/a><\/div><div class=\"swiper-slide\"><a data-elementor-open-lightbox=\"yes\" data-elementor-lightbox-slideshow=\"087de79\" data-elementor-lightbox-title=\"logo-INSTITUTE OF PUBLIC HEALTH\" data-e-action-hash=\"#elementor-action%3Aaction%3Dlightbox%26settings%3DeyJpZCI6MjM4LCJ1cmwiOiJodHRwczpcL1wvc2NhZWQuZXVcL3dwLWNvbnRlbnRcL3VwbG9hZHNcLzIwMjNcLzA3XC9sb2dvLUlOU1RJVFVURS1PRi1QVUJMSUMtSEVBTFRILnBuZyIsInNsaWRlc2hvdyI6IjA4N2RlNzkifQ%3D%3D\" href=\"https:\/\/scaed.eu\/wp-content\/uploads\/2023\/07\/logo-INSTITUTE-OF-PUBLIC-HEALTH.png\"><figure class=\"swiper-slide-inner\"><img decoding=\"async\" class=\"swiper-slide-image\" src=\"https:\/\/scaed.eu\/wp-content\/uploads\/2023\/07\/logo-INSTITUTE-OF-PUBLIC-HEALTH.png\" alt=\"logo-INSTITUTE OF PUBLIC HEALTH\" \/><\/figure><\/a><\/div><div class=\"swiper-slide\"><a data-elementor-open-lightbox=\"yes\" data-elementor-lightbox-slideshow=\"087de79\" data-elementor-lightbox-title=\"logo-SPORT CHAMPIONSHIP SCHOOL Jastrze\u0328bski Wegiel_2\" data-e-action-hash=\"#elementor-action%3Aaction%3Dlightbox%26settings%3DeyJpZCI6MjYzLCJ1cmwiOiJodHRwczpcL1wvc2NhZWQuZXVcL3dwLWNvbnRlbnRcL3VwbG9hZHNcLzIwMjNcLzA3XC9sb2dvLVNQT1JULUNIQU1QSU9OU0hJUC1TQ0hPT0wtSmFzdHJ6ZVx1MDMyOGJza2ktV2VnaWVsXzIucG5nIiwic2xpZGVzaG93IjoiMDg3ZGU3OSJ9\" href=\"https:\/\/scaed.eu\/wp-content\/uploads\/2023\/07\/logo-SPORT-CHAMPIONSHIP-SCHOOL-Jastrze\u0328bski-Wegiel_2.png\"><figure class=\"swiper-slide-inner\"><img decoding=\"async\" class=\"swiper-slide-image\" src=\"https:\/\/scaed.eu\/wp-content\/uploads\/2023\/07\/logo-SPORT-CHAMPIONSHIP-SCHOOL-Jastrze\u0328bski-Wegiel_2.png\" alt=\"logo-SPORT CHAMPIONSHIP SCHOOL Jastrze\u0328bski Wegiel_2\" \/><\/figure><\/a><\/div>                <\/div>\n\t\t\t\t\t\t\t\t\t\t\t\t\t\t\t\t\t\t            <\/div>\n\t\t\t\t\t\t\t<\/div>\n\t\t\t\t<\/div>\n\t\t\t\t\t<\/div>\n\t\t<\/div>\n\t\t\t\t\t<\/div>\n\t\t<\/section>\n\t\t\t\t\t<\/div>\n\t\t<\/div>\n\t\t\t\t\t<\/div>\n\t\t<\/section>\n\t\t\t\t<\/div>\n\t\t","protected":false},"excerpt":{"rendered":"<p>Dobrodo\u0161li na SCAED web stranicu! Ovaj inovativni Erasmus + KA2 projekt sprje\u010dava i bori se s poreme\u0107ajima u prehrani u sportskoj zajednici Pro\u010ditajte vi\u0161e o projektu SCAED je Erasmus+ projekt financiran od EU koji traje 36 mjeseci, po\u010dev\u0161i od srpnja 2022 &#8220;Kao mlada djevojka borila sam se s raznim poreme\u0107ajima u prehrani i problemima sa [&hellip;]<\/p>\n","protected":false},"author":1,"featured_media":0,"parent":0,"menu_order":0,"comment_status":"closed","ping_status":"closed","template":"","meta":{"footnotes":""},"class_list":["post-1658","page","type-page","status-publish","hentry"],"_links":{"self":[{"href":"https:\/\/scaed.eu\/hr\/wp-json\/wp\/v2\/pages\/1658","targetHints":{"allow":["GET"]}}],"collection":[{"href":"https:\/\/scaed.eu\/hr\/wp-json\/wp\/v2\/pages"}],"about":[{"href":"https:\/\/scaed.eu\/hr\/wp-json\/wp\/v2\/types\/page"}],"author":[{"embeddable":true,"href":"https:\/\/scaed.eu\/hr\/wp-json\/wp\/v2\/users\/1"}],"replies":[{"embeddable":true,"href":"https:\/\/scaed.eu\/hr\/wp-json\/wp\/v2\/comments?post=1658"}],"version-history":[{"count":1,"href":"https:\/\/scaed.eu\/hr\/wp-json\/wp\/v2\/pages\/1658\/revisions"}],"predecessor-version":[{"id":1659,"href":"https:\/\/scaed.eu\/hr\/wp-json\/wp\/v2\/pages\/1658\/revisions\/1659"}],"wp:attachment":[{"href":"https:\/\/scaed.eu\/hr\/wp-json\/wp\/v2\/media?parent=1658"}],"curies":[{"name":"wp","href":"https:\/\/api.w.org\/{rel}","templated":true}]}}